{"id":4584,"date":"2017-07-15T23:16:54","date_gmt":"2017-07-16T04:16:54","guid":{"rendered":"http:\/\/catolicasmexico.com\/blog\/?page_id=4584"},"modified":"2017-07-18T22:43:16","modified_gmt":"2017-07-19T03:43:16","slug":"oraciones","status":"publish","type":"page","link":"https:\/\/catolicasmexico.com\/blog\/oraciones\/","title":{"rendered":"Oraciones"},"content":{"rendered":"<p><a href=\"http:\/\/catolicasmexico.com\/blog\/wp-content\/uploads\/2013\/12\/20131222-111438.jpg\"><img data-attachment-id=\"2265\" data-permalink=\"https:\/\/catolicasmexico.com\/blog\/oracion-por-la-vida\/20131222-111438-jpg\/\" data-orig-file=\"https:\/\/catolicasmexico.com\/blog\/wp-content\/uploads\/2013\/12\/20131222-111438.jpg\" data-orig-size=\"448,560\" data-comments-opened=\"1\" data-image-meta=\"{&quot;aperture&quot;:&quot;0&quot;,&quot;credit&quot;:&quot;&quot;,&quot;camera&quot;:&quot;&quot;,&quot;caption&quot;:&quot;&quot;,&quot;created_timestamp&quot;:&quot;0&quot;,&quot;copyright&quot;:&quot;&quot;,&quot;focal_length&quot;:&quot;0&quot;,&quot;iso&quot;:&quot;0&quot;,&quot;shutter_speed&quot;:&quot;0&quot;,&quot;title&quot;:&quot;&quot;,&quot;orientation&quot;:&quot;1&quot;}\" data-image-title=\"20131222-111438.jpg\" data-image-description=\"\" data-medium-file=\"https:\/\/catolicasmexico.com\/blog\/wp-content\/uploads\/2013\/12\/20131222-111438-240x300.jpg\" data-large-file=\"https:\/\/catolicasmexico.com\/blog\/wp-content\/uploads\/2013\/12\/20131222-111438.jpg\" class=\"alignleft  wp-image-2265\" src=\"http:\/\/catolicasmexico.com\/blog\/wp-content\/uploads\/2013\/12\/20131222-111438.jpg\" alt=\"\" width=\"215\" height=\"268\" srcset=\"http:\/\/catolicasmexico.com\/blog\/wp-content\/uploads\/2013\/12\/20131222-111438.jpg 215w, https:\/\/catolicasmexico.com\/blog\/wp-content\/uploads\/2013\/12\/20131222-111438-150x150.jpg 150w\" sizes=\"100vw\" \/> <\/a><\/p>\n<ul>\n<li><a href=\"http:\/\/catolicasmexico.com\/blog\/category\/oraciones\/\">Oraciones<\/a><\/li>\n<li><a href=\"http:\/\/catolicasmexico.com\/blog\/category\/letanias\/\">Letanias<\/a><\/li>\n<li><a href=\"http:\/\/catolicasmexico.com\/blog\/category\/novenas\/\">Novenas<\/a><\/li>\n<\/ul>\n","protected":false},"excerpt":{"rendered":"<p>Oraciones Letanias Novenas<\/p>\n","protected":false},"author":1,"featured_media":2265,"parent":0,"menu_order":0,"comment_status":"closed","ping_status":"closed","template":"","meta":{"spay_email":""},"aioseo_notices":[],"jetpack_shortlink":"https:\/\/wp.me\/P3B5XH-1bW","jetpack-related-posts":[{"id":3377,"url":"https:\/\/catolicasmexico.com\/blog\/facebook-pictures-timeline\/","url_meta":{"origin":4584,"position":0},"title":"Galeria Facebook","date":"28 agosto 2014","format":false,"excerpt":"From Timeline Photos. Posted by Cat\u00f3licas M\u00e9xico - Por el derecho a la vida on 6\/06\/2014 (338 items) Historia de la Virgen de F\u00e1tima. Primera parte.. 22 de marzo nacimiento de Lucia Dos ... Compartimos,la noticia, la pareja que se preparaba a abortar el fin de semana cambi\u00f3 ... Pedimos\u2026","rel":"","context":"Entrada similar","img":{"alt_text":"","src":"","width":0,"height":0},"classes":[]},{"id":4498,"url":"https:\/\/catolicasmexico.com\/blog\/guardia-de-honor-del-sagrado-corazon-de-jesus\/","url_meta":{"origin":4584,"position":1},"title":"GUARDIA DE HONOR DEL SAGRADO CORAZ\u00d3N DE JES\u00daS","date":"25 abril 2017","format":false,"excerpt":"Hora Santa Origen de la Guardia de Honor en M\u00c9XICO Monasterio de la Visitacion, Campana 47 Insurgnetes Mixcoac,03920 CINDAD DE MEXICO\u00a0tel: 00 52 5 598 0868 fax: 00 52 5 55 615 1914, e-mail: visitacion@guardiadehonor.org Director national : Padre ANDRES ESTEBAN LOPEZ RUIZ, CCR et Superior de la Visitation :\u2026","rel":"","context":"Entrada similar","img":{"alt_text":"","src":"https:\/\/i1.wp.com\/catolicasmexico.com\/blog\/wp-content\/uploads\/2020\/02\/c72ad5a6-060c-4f9e-9196-5d09ff6d4683-1278-000001583cd77936.png?resize=350%2C200&ssl=1","width":350,"height":200},"classes":[]},{"id":4519,"url":"https:\/\/catolicasmexico.com\/blog\/guardia-de-honor-del-sagrado-corazon-de-jesus\/oraciones-de-la-guardia-de-honor\/","url_meta":{"origin":4584,"position":2},"title":"Oraciones de Reparaci\u00f3n","date":"31 mayo 2017","format":false,"excerpt":"Ofrecimiento de la Hora de Guardia para cada d\u00eda: \u00a1Viva Jes\u00fas, muera el pecado, sea por siempre alabado, el Coraz\u00f3n de Jes\u00fas Sacramentado! Sagrado Coraz\u00f3n de Jes\u00fas, encendido en llamas de infinito amor, pero herido hasta lo m\u00e1s hondo por nuestro desamor, desagradecimiento y dureza, me postro en tu presencia\u2026","rel":"","context":"Entrada similar","img":{"alt_text":"","src":"https:\/\/i2.wp.com\/catolicasmexico.com\/blog\/wp-content\/uploads\/2015\/12\/trisagios.png?resize=350%2C200&ssl=1","width":350,"height":200},"classes":[]}],"jetpack_likes_enabled":false,"jetpack_sharing_enabled":true,"_links":{"self":[{"href":"https:\/\/catolicasmexico.com\/blog\/wp-json\/wp\/v2\/pages\/4584"}],"collection":[{"href":"https:\/\/catolicasmexico.com\/blog\/wp-json\/wp\/v2\/pages"}],"about":[{"href":"https:\/\/catolicasmexico.com\/blog\/wp-json\/wp\/v2\/types\/page"}],"author":[{"embeddable":true,"href":"https:\/\/catolicasmexico.com\/blog\/wp-json\/wp\/v2\/users\/1"}],"replies":[{"embeddable":true,"href":"https:\/\/catolicasmexico.com\/blog\/wp-json\/wp\/v2\/comments?post=4584"}],"version-history":[{"count":5,"href":"https:\/\/catolicasmexico.com\/blog\/wp-json\/wp\/v2\/pages\/4584\/revisions"}],"predecessor-version":[{"id":4597,"href":"https:\/\/catolicasmexico.com\/blog\/wp-json\/wp\/v2\/pages\/4584\/revisions\/4597"}],"wp:featuredmedia":[{"embeddable":true,"href":"https:\/\/catolicasmexico.com\/blog\/wp-json\/wp\/v2\/media\/2265"}],"wp:attachment":[{"href":"https:\/\/catolicasmexico.com\/blog\/wp-json\/wp\/v2\/media?parent=4584"}],"curies":[{"name":"wp","href":"https:\/\/api.w.org\/{rel}","templated":true}]}}