{"id":928,"date":"2013-06-20T21:44:27","date_gmt":"2013-06-21T03:44:27","guid":{"rendered":"http:\/\/catolicasmexico.com\/blog\/?page_id=928"},"modified":"2014-03-12T20:17:54","modified_gmt":"2014-03-13T02:17:54","slug":"centros-de-ayuda-para-las-mujeres","status":"publish","type":"page","link":"http:\/\/catolicasmexico.com\/blog\/centros-de-ayuda-para-las-mujeres\/","title":{"rendered":"Ayuda para mujeres"},"content":{"rendered":"<p><strong>Centros de ayuda para las mujeres<\/strong><\/p>\n<p><strong>CENTRO DE AYUDA PARA LA MUJER A.C. M\u00c9XICO D.F.<\/strong><br \/>\nTel\u00e9fono(s): (52) (52) 6248632, (52) (52) 52601719<\/p>\n<p><strong>VIFAC &#8211; Celebramos la vida<\/strong><br \/>\nLinea gratuita: 01 800 01 VIFAC (84322)<br \/>\n<a href=\"http:\/\/vifac.org\/\">http:\/\/vifac.org\/<\/a><\/p>\n<p><strong>YOLIGUANI<\/strong><br \/>\nL\u00ednea sin costo: 01 800 251 8586<br \/>\nE-Mail: <a href=\"&#x6d;a&#x69;&#108;t&#x6f;&#58;c&#x6f;n&#x74;&#x69;g&#x6f;&#64;y&#x6f;l&#x69;&#x67;u&#x61;&#110;i&#x2e;or&#x67;\">&#x63;&#x6f;&#x6e;&#x74;&#105;&#103;o&#64;yol&#x69;&#x67;&#x75;&#x61;&#x6e;&#105;.org<\/a><br \/>\n<a href=\"http:\/\/www.yoliguani.org\/\">http:\/\/www.yoliguani.org\/<\/a><\/p>\n<p><strong>APOYO A MADRES SOLAS EN EL DISTRITO FEDERAL<\/strong><br \/>\n<a href=\"http:\/\/www.dif.df.gob.mx\/dif\/prog_serv.php?id_prog_serv=6\">http:\/\/www.dif.df.gob.mx\/dif\/prog_serv.php?id_prog_serv=6<\/a><\/p>\n<p><strong>CANADA &#8211; Montreal<\/strong><br \/>\n<strong>Enceinte et Inqui\u00e8te<\/strong><\/p>\n<p>L\u00ednea sin costo: 1 855 871 4442<br \/>\n<a href=\"http:\/\/www.femmesenceintes.org\/\">http:\/\/www.femmesenceintes.org\/<\/a><\/p>\n","protected":false},"excerpt":{"rendered":"<p>Centros de ayuda para las mujeres CENTRO DE AYUDA PARA LA MUJER A.C. M\u00c9XICO D.F. Tel\u00e9fono(s): (52) (52) 6248632, (52) (52) 52601719 VIFAC &#8211; Celebramos la vida Linea gratuita: 01 800 01 VIFAC (84322) http:\/\/vifac.org\/ YOLIGUANI L\u00ednea sin costo: 01 800 251 8586 E-Mail: co&#110;&#x74;&#x69;go&#64;&#x79;&#x6f;&#x6c;ig&#117;&#x61;&#x6e;i.&#111;&#x72;&#x67; http:\/\/www.yoliguani.org\/ APOYO A MADRES SOLAS EN EL DISTRITO FEDERAL http:\/\/www.dif.df.gob.mx\/dif\/prog_serv.php?id_prog_serv=6 [&hellip;]<\/p>\n","protected":false},"author":1,"featured_media":0,"parent":0,"menu_order":0,"comment_status":"open","ping_status":"open","template":"","meta":{"spay_email":""},"aioseo_notices":[],"jetpack_shortlink":"https:\/\/wp.me\/P3B5XH-eY","jetpack-related-posts":[{"id":643,"url":"http:\/\/catolicasmexico.com\/blog\/testimonios\/","url_meta":{"origin":928,"position":0},"title":"Testimonios","date":"1 junio 2013","format":false,"excerpt":"Carta de una inmigrante. Soy mexicana y vivo en Canad\u00e1, Quiero compartir con todos Ustedes, la historia de una muchacha de origen ruso, que se encuentra embarazada de su novio de origen mexicano, la llamaremos Natalia, para conservar su anonimato. Natalia le dijo de su embarazo a su patrona, su\u2026","rel":"","context":"Entrada similar","img":{"alt_text":"","src":"","width":0,"height":0},"classes":[]},{"id":4498,"url":"http:\/\/catolicasmexico.com\/blog\/guardia-de-honor-del-sagrado-corazon-de-jesus\/","url_meta":{"origin":928,"position":1},"title":"GUARDIA DE HONOR DEL SAGRADO CORAZ\u00d3N DE JES\u00daS","date":"25 abril 2017","format":false,"excerpt":"Hora Santa Origen de la Guardia de Honor en M\u00c9XICO Monasterio de la Visitacion, Campana 47 Insurgnetes Mixcoac,03920 CINDAD DE MEXICO\u00a0tel: 00 52 5 598 0868 fax: 00 52 5 55 615 1914, e-mail: visitacion@guardiadehonor.org Director national : Padre ANDRES ESTEBAN LOPEZ RUIZ, CCR et Superior de la Visitation :\u2026","rel":"","context":"Entrada similar","img":{"alt_text":"","src":"https:\/\/i1.wp.com\/catolicasmexico.com\/blog\/wp-content\/uploads\/2020\/02\/c72ad5a6-060c-4f9e-9196-5d09ff6d4683-1278-000001583cd77936.png?resize=350%2C200","width":350,"height":200},"classes":[]},{"id":646,"url":"http:\/\/catolicasmexico.com\/blog\/enlaces\/","url_meta":{"origin":928,"position":2},"title":"Enlaces","date":"4 junio 2013","format":false,"excerpt":"Life Site News Noticias pro-vida in Canada, Inglaterra y Estados Unidos. www.lifesitenews.com Campagne Qu\u00e9bec-Vie Sitio pro-vida canadiense www.cqv.qc.ca 40\u00a0D\u00edas por la Vida (40 Days for Life) Campa\u00f1a de Oraci\u00f3n promovida por seglares en coordinaci\u00f3n y contacto con los grupos que en otros pa\u00edses realizan campa\u00f1as similares. http:\/\/www.40daysforlife.com\/ http:\/\/www.40daysforlife.com\/rosario\/ http:\/\/40diasporlavida.es\/\u00a0\u00a0\u00a0\u00a0\u00a0\u00a0\u00a0\u00a0\u00a0\u00a0\u00a0\u00a0\u00a0\u00a0\u00a0 (Espa\u00f1a)\u2026","rel":"","context":"Con 4 comentarios","img":{"alt_text":"","src":"","width":0,"height":0},"classes":[]},{"id":3377,"url":"http:\/\/catolicasmexico.com\/blog\/facebook-pictures-timeline\/","url_meta":{"origin":928,"position":3},"title":"Galeria Facebook","date":"28 agosto 2014","format":false,"excerpt":"From Timeline Photos. Posted by Cat\u00f3licas M\u00e9xico - Por el derecho a la vida on 6\/06\/2014 (338 items) Historia de la Virgen de F\u00e1tima. Primera parte.. 22 de marzo nacimiento de Lucia Dos ... Compartimos,la noticia, la pareja que se preparaba a abortar el fin de semana cambi\u00f3 ... Pedimos\u2026","rel":"","context":"Entrada similar","img":{"alt_text":"","src":"","width":0,"height":0},"classes":[]},{"id":4517,"url":"http:\/\/catolicasmexico.com\/blog\/guardia-de-honor-del-sagrado-corazon-de-jesus\/origen-de-la-guardia-de-honor\/","url_meta":{"origin":928,"position":4},"title":"Origen de la Guardia de Honor","date":"31 mayo 2017","format":false,"excerpt":"PRESENTACI\u00d3N: Pr\u00e1ctica nacida en el Monasterio de la Visitaci\u00f3n de Bourg, Francia, en 1863 La Guardia de Honor es una piadosa milicia que rodea Jesucristo, Rey inmortal de los siglos, abandonado, ultrajado y perpetuamente inmolado en su Trono Eucar\u00edstico. Estos fervorosos centinelas, escogen una hora al d\u00eda, y en ella,\u2026","rel":"","context":"Entrada similar","img":{"alt_text":"","src":"https:\/\/i1.wp.com\/catolicasmexico.com\/blog\/wp-content\/uploads\/2017\/05\/guardia-de-honor.jpg?resize=350%2C200","width":350,"height":200},"classes":[]},{"id":4519,"url":"http:\/\/catolicasmexico.com\/blog\/guardia-de-honor-del-sagrado-corazon-de-jesus\/oraciones-de-la-guardia-de-honor\/","url_meta":{"origin":928,"position":5},"title":"Oraciones de Reparaci\u00f3n","date":"31 mayo 2017","format":false,"excerpt":"Ofrecimiento de la Hora de Guardia para cada d\u00eda: \u00a1Viva Jes\u00fas, muera el pecado, sea por siempre alabado, el Coraz\u00f3n de Jes\u00fas Sacramentado! Sagrado Coraz\u00f3n de Jes\u00fas, encendido en llamas de infinito amor, pero herido hasta lo m\u00e1s hondo por nuestro desamor, desagradecimiento y dureza, me postro en tu presencia\u2026","rel":"","context":"Entrada similar","img":{"alt_text":"","src":"https:\/\/i2.wp.com\/catolicasmexico.com\/blog\/wp-content\/uploads\/2015\/12\/trisagios.png?resize=350%2C200","width":350,"height":200},"classes":[]}],"jetpack_likes_enabled":false,"jetpack_sharing_enabled":true,"_links":{"self":[{"href":"http:\/\/catolicasmexico.com\/blog\/wp-json\/wp\/v2\/pages\/928"}],"collection":[{"href":"http:\/\/catolicasmexico.com\/blog\/wp-json\/wp\/v2\/pages"}],"about":[{"href":"http:\/\/catolicasmexico.com\/blog\/wp-json\/wp\/v2\/types\/page"}],"author":[{"embeddable":true,"href":"http:\/\/catolicasmexico.com\/blog\/wp-json\/wp\/v2\/users\/1"}],"replies":[{"embeddable":true,"href":"http:\/\/catolicasmexico.com\/blog\/wp-json\/wp\/v2\/comments?post=928"}],"version-history":[{"count":6,"href":"http:\/\/catolicasmexico.com\/blog\/wp-json\/wp\/v2\/pages\/928\/revisions"}],"predecessor-version":[{"id":2714,"href":"http:\/\/catolicasmexico.com\/blog\/wp-json\/wp\/v2\/pages\/928\/revisions\/2714"}],"wp:attachment":[{"href":"http:\/\/catolicasmexico.com\/blog\/wp-json\/wp\/v2\/media?parent=928"}],"curies":[{"name":"wp","href":"https:\/\/api.w.org\/{rel}","templated":true}]}}