{"id":646,"date":"2013-06-04T09:53:19","date_gmt":"2013-06-04T14:53:19","guid":{"rendered":"http:\/\/catolicasmexico.com\/blog\/?page_id=646"},"modified":"2015-07-10T18:59:31","modified_gmt":"2015-07-10T23:59:31","slug":"enlaces","status":"publish","type":"page","link":"http:\/\/catolicasmexico.com\/blog\/enlaces\/","title":{"rendered":"Enlaces"},"content":{"rendered":"<p><strong>Life Site News<\/strong><br \/>\nNoticias pro-vida in Canada, Inglaterra y Estados Unidos.<br \/>\n<a href=\"http:\/\/www.lifesitenews.com\">www.lifesitenews.com<\/a><\/p>\n<p><strong>Campagne Qu\u00e9bec-Vie<\/strong><br \/>\nSitio pro-vida canadiense<br \/>\n<a href=\"http:\/\/www.cqv.qc.ca\">www.cqv.qc.ca<\/a><\/p>\n<p><strong>40\u00a0D\u00edas por la Vida (40 Days for Life)<br \/>\n<\/strong>Campa\u00f1a de Oraci\u00f3n promovida por seglares en coordinaci\u00f3n y contacto con los grupos que en otros pa\u00edses realizan campa\u00f1as similares.<br \/>\n<a href=\"http:\/\/www.40daysforlife.com\/rosario\/\">http:\/\/www.40daysforlife.com\/<\/a><br \/>\n<a href=\"http:\/\/www.40daysforlife.com\/rosario\/\">http:\/\/www.40daysforlife.com\/rosario\/<\/a><br \/>\n<a href=\"http:\/\/40diasporlavida.es\/\">http:\/\/40diasporlavida.es\/<\/a>\u00a0\u00a0\u00a0\u00a0\u00a0\u00a0\u00a0\u00a0\u00a0\u00a0\u00a0\u00a0\u00a0\u00a0\u00a0 (Espa\u00f1a)<br \/>\n<a href=\"http:\/\/www.40diasporlavida.com\/\">http:\/\/www.40diasporlavida.com\/<\/a>\u00a0 (Colombia)<br \/>\n<strong><br \/>\nPro-Life Action League<\/strong><br \/>\nSalvar bebes no natos con actiones pacificas<br \/>\n<a href=\"http:\/\/prolifeaction.org\">http:\/\/prolifeaction.org<\/a><\/p>\n<p><strong>Cursos de Capacitaci\u00f3n Provida<\/strong><br \/>\n<a href=\"http:\/\/vidahumana.org\/catalogo-en-linea\/cursos-provida-eeuu\">http:\/\/vidahumana.org\/catalogo-en-linea\/cursos-provida-eeuu<\/a><\/p>\n","protected":false},"excerpt":{"rendered":"<p>Life Site News Noticias pro-vida in Canada, Inglaterra y Estados Unidos. www.lifesitenews.com Campagne Qu\u00e9bec-Vie Sitio pro-vida canadiense www.cqv.qc.ca 40\u00a0D\u00edas por la Vida (40 Days for Life) Campa\u00f1a de Oraci\u00f3n promovida por seglares en coordinaci\u00f3n y contacto con los grupos que en otros pa\u00edses realizan campa\u00f1as similares. http:\/\/www.40daysforlife.com\/ http:\/\/www.40daysforlife.com\/rosario\/ http:\/\/40diasporlavida.es\/\u00a0\u00a0\u00a0\u00a0\u00a0\u00a0\u00a0\u00a0\u00a0\u00a0\u00a0\u00a0\u00a0\u00a0\u00a0 (Espa\u00f1a) http:\/\/www.40diasporlavida.com\/\u00a0 (Colombia) Pro-Life Action League [&hellip;]<\/p>\n","protected":false},"author":1,"featured_media":0,"parent":0,"menu_order":0,"comment_status":"open","ping_status":"open","template":"","meta":{"spay_email":""},"aioseo_notices":[],"jetpack_shortlink":"https:\/\/wp.me\/P3B5XH-aq","jetpack-related-posts":[{"id":3377,"url":"http:\/\/catolicasmexico.com\/blog\/facebook-pictures-timeline\/","url_meta":{"origin":646,"position":0},"title":"Galeria Facebook","date":"28 agosto 2014","format":false,"excerpt":"From Timeline Photos. Posted by Cat\u00f3licas M\u00e9xico - Por el derecho a la vida on 6\/06\/2014 (338 items) Historia de la Virgen de F\u00e1tima. Primera parte.. 22 de marzo nacimiento de Lucia Dos ... Compartimos,la noticia, la pareja que se preparaba a abortar el fin de semana cambi\u00f3 ... Pedimos\u2026","rel":"","context":"Entrada similar","img":{"alt_text":"","src":"","width":0,"height":0},"classes":[]},{"id":2389,"url":"http:\/\/catolicasmexico.com\/blog\/pies-preciosos-2\/","url_meta":{"origin":646,"position":1},"title":"Pies Preciosos","date":"15 enero 2014","format":false,"excerpt":"El s\u00edmbolo internacional pro-vida. La medida y la forma exacta de los pies de un no nato de 10 semanas. En ningun momento de nuestra vida se producen tantos cambios y se crece tanto como en los primeros nueve meses antes del nacimiento. He aqu\u00ed las admirables etapas del comienzo\u2026","rel":"","context":"Con 6 comentarios","img":{"alt_text":"","src":"","width":0,"height":0},"classes":[]},{"id":643,"url":"http:\/\/catolicasmexico.com\/blog\/testimonios\/","url_meta":{"origin":646,"position":2},"title":"Testimonios","date":"1 junio 2013","format":false,"excerpt":"Carta de una inmigrante. Soy mexicana y vivo en Canad\u00e1, Quiero compartir con todos Ustedes, la historia de una muchacha de origen ruso, que se encuentra embarazada de su novio de origen mexicano, la llamaremos Natalia, para conservar su anonimato. Natalia le dijo de su embarazo a su patrona, su\u2026","rel":"","context":"Entrada similar","img":{"alt_text":"","src":"","width":0,"height":0},"classes":[]},{"id":2,"url":"http:\/\/catolicasmexico.com\/blog\/about\/","url_meta":{"origin":646,"position":3},"title":"Catolicas Mexico","date":"5 diciembre 2012","format":false,"excerpt":"Somos un grupo de j\u00f3venes cat\u00f3licos, comprometidos con el evangelio, estamos a favor de la vida desde la concepci\u00f3n hasta la muerte natural, defendemos los valores del matrimonio, sacramento instituido por Nuestro Se\u00f1or, promovemos la oraci\u00f3n, el ayuno, la Santa Misa y los Santos Sacramentos como medios eficaces para luchar\u2026","rel":"","context":"Entrada similar","img":{"alt_text":"","src":"","width":0,"height":0},"classes":[]},{"id":4519,"url":"http:\/\/catolicasmexico.com\/blog\/guardia-de-honor-del-sagrado-corazon-de-jesus\/oraciones-de-la-guardia-de-honor\/","url_meta":{"origin":646,"position":4},"title":"Oraciones de Reparaci\u00f3n","date":"31 mayo 2017","format":false,"excerpt":"Ofrecimiento de la Hora de Guardia para cada d\u00eda: \u00a1Viva Jes\u00fas, muera el pecado, sea por siempre alabado, el Coraz\u00f3n de Jes\u00fas Sacramentado! Sagrado Coraz\u00f3n de Jes\u00fas, encendido en llamas de infinito amor, pero herido hasta lo m\u00e1s hondo por nuestro desamor, desagradecimiento y dureza, me postro en tu presencia\u2026","rel":"","context":"Entrada similar","img":{"alt_text":"","src":"https:\/\/i2.wp.com\/catolicasmexico.com\/blog\/wp-content\/uploads\/2015\/12\/trisagios.png?resize=350%2C200","width":350,"height":200},"classes":[]},{"id":4533,"url":"http:\/\/catolicasmexico.com\/blog\/guardia-de-honor-del-sagrado-corazon-de-jesus\/hora-santa\/","url_meta":{"origin":646,"position":5},"title":"Hora Santa","date":"7 junio 2017","format":false,"excerpt":"Su origen. La devoci\u00f3n de la hora santa tuvo su origen en la oraci\u00f3n que Jes\u00fas hizo en Getsemani , la v\u00edspera de su muerte en la noche del jueves al viernes santo. Consiste en pasar una hora entera en oraci\u00f3n de las 11:00 a las 12:00 de la noche\u2026","rel":"","context":"Entrada similar","img":{"alt_text":"","src":"https:\/\/i0.wp.com\/catolicasmexico.com\/blog\/wp-content\/uploads\/2020\/02\/bb8eb6a2-edb7-49ab-886e-ab63ef49bf62-304-00000054f3263bf6.jpg?resize=350%2C200","width":350,"height":200},"classes":[]}],"jetpack_likes_enabled":false,"jetpack_sharing_enabled":true,"_links":{"self":[{"href":"http:\/\/catolicasmexico.com\/blog\/wp-json\/wp\/v2\/pages\/646"}],"collection":[{"href":"http:\/\/catolicasmexico.com\/blog\/wp-json\/wp\/v2\/pages"}],"about":[{"href":"http:\/\/catolicasmexico.com\/blog\/wp-json\/wp\/v2\/types\/page"}],"author":[{"embeddable":true,"href":"http:\/\/catolicasmexico.com\/blog\/wp-json\/wp\/v2\/users\/1"}],"replies":[{"embeddable":true,"href":"http:\/\/catolicasmexico.com\/blog\/wp-json\/wp\/v2\/comments?post=646"}],"version-history":[{"count":7,"href":"http:\/\/catolicasmexico.com\/blog\/wp-json\/wp\/v2\/pages\/646\/revisions"}],"predecessor-version":[{"id":3860,"href":"http:\/\/catolicasmexico.com\/blog\/wp-json\/wp\/v2\/pages\/646\/revisions\/3860"}],"wp:attachment":[{"href":"http:\/\/catolicasmexico.com\/blog\/wp-json\/wp\/v2\/media?parent=646"}],"curies":[{"name":"wp","href":"https:\/\/api.w.org\/{rel}","templated":true}]}}