{"id":4533,"date":"2017-06-07T22:46:26","date_gmt":"2017-06-08T04:46:26","guid":{"rendered":"http:\/\/catolicasmexico.com\/blog\/?page_id=4533"},"modified":"2021-08-25T19:58:45","modified_gmt":"2021-08-26T00:58:45","slug":"hora-santa","status":"publish","type":"page","link":"http:\/\/catolicasmexico.com\/blog\/guardia-de-honor-del-sagrado-corazon-de-jesus\/hora-santa\/","title":{"rendered":"Hora Santa"},"content":{"rendered":"<p><strong><a href=\"http:\/\/catolicasmexico.com\/blog\/wp-content\/uploads\/2020\/02\/bb8eb6a2-edb7-49ab-886e-ab63ef49bf62-304-00000054f3263bf6.jpg\"><img data-attachment-id=\"4926\" data-permalink=\"http:\/\/catolicasmexico.com\/blog\/guardia-de-honor-del-sagrado-corazon-de-jesus\/hora-santa\/bb8eb6a2-edb7-49ab-886e-ab63ef49bf62-304-00000054f3263bf6-jpg\/\" data-orig-file=\"http:\/\/catolicasmexico.com\/blog\/wp-content\/uploads\/2020\/02\/bb8eb6a2-edb7-49ab-886e-ab63ef49bf62-304-00000054f3263bf6.jpg\" data-orig-size=\"328,430\" data-comments-opened=\"1\" data-image-meta=\"{&quot;aperture&quot;:&quot;0&quot;,&quot;credit&quot;:&quot;&quot;,&quot;camera&quot;:&quot;&quot;,&quot;caption&quot;:&quot;&quot;,&quot;created_timestamp&quot;:&quot;0&quot;,&quot;copyright&quot;:&quot;&quot;,&quot;focal_length&quot;:&quot;0&quot;,&quot;iso&quot;:&quot;0&quot;,&quot;shutter_speed&quot;:&quot;0&quot;,&quot;title&quot;:&quot;&quot;,&quot;orientation&quot;:&quot;0&quot;}\" data-image-title=\"bb8eb6a2-edb7-49ab-886e-ab63ef49bf62-304-00000054f3263bf6.jpg\" data-image-description=\"\" data-medium-file=\"http:\/\/catolicasmexico.com\/blog\/wp-content\/uploads\/2020\/02\/bb8eb6a2-edb7-49ab-886e-ab63ef49bf62-304-00000054f3263bf6-229x300.jpg\" data-large-file=\"http:\/\/catolicasmexico.com\/blog\/wp-content\/uploads\/2020\/02\/bb8eb6a2-edb7-49ab-886e-ab63ef49bf62-304-00000054f3263bf6.jpg\" class=\"alignleft size-full wp-image-4926\" src=\"http:\/\/catolicasmexico.com\/blog\/wp-content\/uploads\/2020\/02\/bb8eb6a2-edb7-49ab-886e-ab63ef49bf62-304-00000054f3263bf6.jpg\" alt=\"\" width=\"328\" height=\"430\" srcset=\"http:\/\/catolicasmexico.com\/blog\/wp-content\/uploads\/2020\/02\/bb8eb6a2-edb7-49ab-886e-ab63ef49bf62-304-00000054f3263bf6.jpg 328w, http:\/\/catolicasmexico.com\/blog\/wp-content\/uploads\/2020\/02\/bb8eb6a2-edb7-49ab-886e-ab63ef49bf62-304-00000054f3263bf6-229x300.jpg 300w, http:\/\/catolicasmexico.com\/blog\/wp-content\/uploads\/2020\/02\/bb8eb6a2-edb7-49ab-886e-ab63ef49bf62-304-00000054f3263bf6-150x150.jpg 150w\" sizes=\"100vw\" \/> <\/a>Su origen.<\/strong><br \/>\nLa devoci\u00f3n de la hora santa tuvo su origen en la oraci\u00f3n que Jes\u00fas hizo en Getsemani , la v\u00edspera de su muerte en la noche del jueves al viernes santo. Consiste en pasar una hora entera en oraci\u00f3n de las 11:00 a las 12:00 de la noche de ese d\u00eda todas la semanas. Su instituci\u00f3n se debe a nuestro Se\u00f1or mismo que la pidi\u00f3 a su fiel sierva Santa Mar\u00eda Margarita en estos t\u00e9rminos: todos las noches del jueves al viernes te har\u00e9 participante de aquella mortal tristeza que quise sentir en el Huerto de los Olivos y para acompa\u00f1arme en la humilde oraci\u00f3n que presente entonces a mi Padre te levantar\u00e1s entre 11y 12 de la noche y posternada pegando el rostro con la tierra procurar\u00e1s no solo aplacar la ira divina pidiendo la gracia para los pecadores si no tambi\u00e9n endulzar de alguna manera la amargura que sent\u00ed por el abandono de mis ap\u00f3stoles a quien reprend\u00ed por no haber podido velar una hora conmigo.<br \/>\nResulta, pues, de estas palabras que la Hora Santa es una de las pr\u00e1cticas m\u00e1s queridas del Coraz\u00f3n de Jes\u00fas tiene por objeto consolarle de la ingratitud de los hombres, reparar las ofensas de los pecadores, obtener gracias particulares para los agonizantes, para las personas afligidas y en fin excitarnos a una viva contrici\u00f3n.<br \/>\nSe puede hacer la Hora Santa delante del sant\u00edsimo Sacramento, o transport\u00e1ndose en esp\u00edritu al pie de un Tabern\u00e1culo porque no solo se debe consolar la agon\u00eda dolorosa desde Getsemani, si no tambi\u00e9n la agon\u00eda incesante, si podemos decirlo as\u00ed, del Dios de la Encarnaci\u00f3n, pues \u00c9l mismo que sufri\u00f3 la primera, soporta la segunda. Jes\u00fas en el sant\u00edsimo Sacramento se digna reclamar nuestro amor y nuestros consuelos \u00bfqui\u00e9n se los rehusara?no hay prescrita para emplear devotamente en la Hora Santa ninguna meditaci\u00f3n particular pero las palabras de Nuestro Se\u00f1or indican que conviene meditar su Dolorosa Agon\u00eda sus Profundas Humillaciones y su Amor, pagados con tantas ingratitud, as\u00ed como de implorar el perd\u00f3n de nuestros pecados y los ultrajes hechos a la Majestad Divina en el curso de los siglos.<\/p>\n<p>Oraci\u00f3n preparatoria.<br \/>\nAmant\u00edsimo y doloros\u00edsimo Jes\u00fas, amad\u00edsimo Salvador nuestro, perm\u00edteme arrodillarme a Vuestro lado en el jard\u00edn de los Olivos y pasar esta hora unido \u00edntimamente a Vuestro Coraz\u00f3n agonizante durante la hora santa que os pediste a Vuestra fiel amant\u00edsima v\u00edctima Santa Margarita-Mar\u00eda.<br \/>\nConcededme Salvador adorado, la gracia de participar a Vuestros incomprensibles dolores y a los sentimientos de compasi\u00f3n que llenaron el alma de Mar\u00eda sant\u00edsima en esta noche de mortales angustias. Os ofrezco, para suplir mi insuficiencia, los afectos de esta madre amant\u00edsima, los de la Santa Margarita Mar\u00eda, y los de todas las almas que m\u00e1s os han consolado en este misterio de dolor y de amor; Y tambi\u00e9n los de vuestros fieles guardias de honor que, en esta misma hora, se asocian al amarg\u00edsimo desamparo de Vuestra Sant\u00edsima alma en el huerto de Getsemani. \u00a1Oh Jes\u00fas, misericordia y dulzura m\u00eda, o suav\u00edsimos y afligid\u00edsimo Maestro, toleradme en vuestra presencia. Escuchadme, bendecidme y sumergidme en el oc\u00e9ano de amargura que va a invadir y llenar Vuestro dulc\u00edsimo Coraz\u00f3n. Am\u00e9n.<\/p>\n<p>Primer cuarto de hora.<br \/>\n\u00abMi alma est\u00e1 triste hasta la muerte\u00bb. Consideremos a Jes\u00fas el gran Penitente de Amor, el Cordero Inmaculado present\u00e1ndose delante de su Padre cargado con todas las iniquidades del mundo: \u00abSe hizo pecador por nosotros\u00bbdice San Pablo. Se hizo nuestro fiador y ha de pagar hasta el \u00faltimo cuadrante de nuestra deuda.<br \/>\nTodas las, abominaciones,traiciones,atentados, maldades, sacrilegios.Todos los cr\u00edmenes por decirlo en una palabra, que han manchado y mancharan a la humanidad entera; El la santidad infinita ser\u00e1 revestido de ellos como de una lepra asquerosa.<br \/>\nCubierto con este manto de ignominia, se arrodilla para confesar, en el Tribunal de la Justicia Divina todos los pecados de los hombres.<br \/>\nConfiteor Deo Omnipotenti<br \/>\nY no solamente los confiesa uno a uno sino que le producen verg\u00fcenza inexplicable y contrici\u00f3n infinita, implora desde el fondo del abismo de humillaci\u00f3n y de dolor en que est\u00e1 sumergido el m\u00e1s humilde perd\u00f3n de ellos&#8230;.<br \/>\nDe Profundis Clamavi Ad te Domine.<br \/>\n\u00a1Ah el pecado, ese lodo en el mundo, ese mal abominable con el que el nobil\u00edsimo Hijo de Dios se siente como impregnado hasta lo m\u00e1s \u00cdntimo de su sustancia, le llena de tan grande angustia que, cayendo postrado sobre su rostro, exclama: \u00abTristis est anima mea usque ad mortem\u00bb mi alma est\u00e1 triste hasta la muerte\u00bb. Dulc\u00edsimo Cordero que quit\u00e1is los pecados del mundo preservarnos para siempre desde \u00fanico y supremo mal.<br \/>\nPor el mortal desamparo a que nuestras iniquidades os redujeron en el Getsemani hacednos concebir un vivo dolor de nuestros pecados y la en\u00e9rgica resoluci\u00f3n de no ofenderos en adelante. \u00a1Perd\u00f3n Se\u00f1or para nosotros, perd\u00f3n para los pobres pecadores nuestros hermanos\u00a1<br \/>\nActo de contrici\u00f3n. Parche Domine.<\/p>\n<p>Segundo cuarto de hora.<br \/>\n\u00abPadre si es posible, pase de m\u00ed este C\u00e1liz\u00bb<br \/>\nNo solamente Jes\u00fas se ha revestido de nuestras iniquidades y las ha confesado a la majestad divina sino que las ha expirado en su Coraz\u00f3n, en el huerto, en su Carne Sant\u00edsima, sobre la Cruz.<br \/>\nConsideremos, lo primero que sobre el Coraz\u00f3n Sant\u00edsimo de su muy amado hijo va a descargar el Eterno Padre su enojo y ejercer todo el rigor de su Justicia consideremos a Jes\u00fas, Dulce Cordero, Mansedumbre infinita, entregado al terror de la vista de su padre irritado.<br \/>\nEl temor &#8230; El tedio &#8230; La tristeza se apoderan de su Alma Sant\u00edsima. Comienza temer \u00abPavere\u00bb, a la vista de los tormentos que le esperan, a sentir un tedio mortal \u00abt\u00e6dere\u00bb causado por la ingratitud de los hombres y por la inutilidad de su pasi\u00f3n para tantos y afligirse con amarga tristeza \u00abm\u00e6estus esse\u00bb mirando nuestros innumerables pecados, los cuales ha tomado sobre si abrevado de amargura.<br \/>\nY el alma sant\u00edsima del Salvador, llena de temor, pide misericordia: \u00abPadre, si es posible, pase de m\u00ed este c\u00e1liz.\u00bb<br \/>\nSu esp\u00edritu se turba, su cuerpo tiembla y suda sangre hasta regar con ella a la tierra. Escuchemos lo que \u00c9l mismo Nuestro Se\u00f1or revel\u00f3 a Santa Margarita Mar\u00eda acerca de la lucha formidable que sostuvo en el Huerto de Getseman\u00ed:<br \/>\n\u00abHe comparecido, dijo, ante la santidad de Dios quien sin atender a mi inocencia me anonadado en su santa ira,haci\u00e9ndome beber el c\u00e1liz lleno de la hiel y de la amargura de su justa indignaci\u00f3n como si hubiera olvidado el nombre de Padre para sacrificarme a su justa c\u00f3lera. No hay criatura alguna ~a\u00f1adi\u00f3 Nuestro Se\u00f1or~ que pueda comprender los grandes tormentos que sufr\u00ed entonces y este mismo dolor es el que experimenta el alma criminal cuando comparece ante el tribunal de la Santidad divina que pesa en alg\u00fan modo sobre ella, la l\u00e1stima con su peso, la oprime y la destroza porque as\u00ed lo pide la divina Justicia. Oh! pensemos que un d\u00eda tendremos nosotros que comparecer tambi\u00e9n ante la santidad de Dios prepar\u00e9monos a sufrir sus rigores, porque si esto se hace en el le\u00f1o verde, en el seco \u00bfque se har\u00e1? Y sobre todo seamos indulgentes con nuestros hermanos no los juzguemos y no seremos juzgados. Con la misma medida con que medi\u00e9ramos seremos medidos.<\/p>\n<p>Tercer cuarto de hora.<br \/>\n\u00ab\u00a1Qu\u00e9! \u00bfno hab\u00e9is podido velar una hora conmigo?\u00bb<br \/>\nLa V\u00edctima santa, inundada en su sangre, se levanta buscando quien la consuele. Pero ay! el gran Justo abandonado en Getseman\u00ed hubo de exprimir solo el lagar.<br \/>\nSus tres m\u00e1s queridos e \u00edntimos amigos, Pedro, Santiago y Juan, dorm\u00edan a unos pasos de all\u00ed \u00bfquien podr\u00e1 decir el dolor que sinti\u00f3 Jes\u00fas por semejante abandono? \u00bfA tal hora?&#8230;\u00bfEn tal lugar?&#8230;Pero su amant\u00edsimo Coraz\u00f3n deb\u00eda conocer todos los dolores y cubrirnos con toda su indulgencia&#8230;\u00bb \u00a1Que! \u00bfno hab\u00e9is podido velar una hora conmigo?\u00bb \u00a1Que dulce reproche! Seguida de aquella caritativa advertencia velad y orad para que no caig\u00e1is en tentaci\u00f3n\u00bb. \u00a1Oh maestro agonizante y siempre paciente y bondadoso, no permit\u00e1is que Vuestros escogidos, Vuestros guardias de honor, se adormezcan jam\u00e1s cobardemente en el puesto de amor en que vos Os hab\u00e9is tan misericordiosamente colocado!<br \/>\nEn Vuestro tabern\u00e1culo como en el huerto de los Olivos sufr\u00eds a\u00fan todos los horrores de una lenta agon\u00eda. All\u00ed Os persiguen las traiciones; la ingratitud de los hombres Os hace gemir, llor\u00e1is nuestros cr\u00edmenes y los confes\u00e1is d\u00eda y noche a Vuestro Padre celestial. Oh Jes\u00fas, dulc\u00edsimo Jes\u00fas, que, careciendo de los divinos consuelo no habe\u00eds enviado convidado a consolaros; hacernos vigilantes y esforzados, generosos y enteramente dedicados a Vuestro Sagrado Coraz\u00f3n. Ense\u00f1adnos a orar y velar para no caer en la tentaci\u00f3n y para que as\u00ed nos libremos de todos los peligros de la hora presente. Por el incomparable desamparo de Vuestro Coraz\u00f3n en Getseman\u00ed tened piedad, oh Jes\u00fas de los afligidos. Consoladlos, sostenedlos y santificadlos en la hora de la prueba. Piedad tambi\u00e9n Se\u00f1or, para los agonizantes y para nosotros mismos cuando llegue la terrible hora de comparecer delante de Vos, y de recibir la sentencia que nos har\u00e1 dichosos o desgraciados por todo un eternidad. Am\u00e9n<br \/>\nOraci\u00f3n por los agonizantes<\/p>\n<p>\u00daltimo cuarto de hora.<br \/>\n\u00abYa el Hijo del hombre va a ser entregado en manos de los pecadores Levantaos vamos\u00bb<br \/>\nJes\u00fas hab\u00eda orado tres veces diciendo: \u00abPadre, si es posible pase de m\u00ed este c\u00e1liz\u00bb a\u00f1adiendo luego: \u00abNo se haga mi voluntad sino la Vuestra\u00bb<br \/>\nAhora bien, esta voluntad santa era que el adorable agonizante muriese porque \u00abla muerte es la paga del pecado\u00bb. \u00abLevantaos -dijo a sus disc\u00edpulos- y vamos\u00bb.\u00bb \u00bf A donde mi dulce Maestro y Se\u00f1or?\u00bb \u00abAl beso de Judas, al pretorio, a la columna, al calvario, al pat\u00edbulo infame.\u00bb Y adelant\u00e1ndose a las tropas enemigas que viene a prenderle \u00bfA quien buscais? -les dijo- \u00abA Jes\u00fas de Nazaret\u00bb \u00abYo soy\u00bb<br \/>\n\u00a1Oh gran Combatiente de amor! \u00a1Oh Luchador Magn\u00e1nimo que nos convid\u00e9is a seguiros! \u00a1Henos aqu\u00ed!. Vuestros guardias de honor os escoltar\u00e1n debidamente, subir\u00e1n con Vos a la monta\u00f1a Santa de los Dolores, que es \u00abel monte de los amantes\u00bb. Bajo Vuestras \u00f3rdenes, \u00a1Oh Rey inmortal de los siglos! quieren pelear el buen combate, vencer al pr\u00edncipe de las tinieblas, triunfar del mundo, y morir resueltamente as\u00ed mismos, a fin de vivir solo para Vos. Vamos y muramos con \u00c9l. Transportemonos en esp\u00edritu al Calvario. Adoremos al divino ajusticiado expirando en el \u00e1rbol de la Cruz: \u00a1\u00c9l es el amor muerto de amor! \u00bfNo viviremos en adelante para amarle \u00fanicamente? Si; en retorno entreguemos todo a Jes\u00fas y por \u00c9l, con \u00c9l y en \u00c9l, al benepl\u00e1cito divino.<br \/>\nUnamos nuestras pobres inmolaciones a su continua inmolaci\u00f3n en el altar. Volvamos sacrificio por sacrificio amor por amor al Coraz\u00f3n herido de Jes\u00fas, y entremos en seguimiento de la Sant\u00edsima Virgen Mar\u00eda, San Juan y Santa Mar\u00eda Magdalena en su Llaga adorable, para no salir jam\u00e1s de ella.<\/p>\n<p>Conclusi\u00f3n.<br \/>\n\u00a1Padre santo, que hab\u00e9is amado tanto al mundo que la hab\u00e9is entregado y sacrificado a vuestro Hijo \u00fanico nosotros, Os bendecimos por esta incomprensible misericordia! No pudiendo hacerlo dignamente Os damos gracias por medio del Coraz\u00f3n de Nuestra Dulce y Santa V\u00edctima. \u00a1Despu\u00e9s de hacerse nuestra redenci\u00f3n, se har\u00e1 nuestra acci\u00f3n de gracias!Y a Vos oh Salvador, oh Cordero, oh Amor nuestro inmolado, Os alabamos, Os bendecimos, Os glorificamos por todos los siglos, por haberos sacrificado por la salvaci\u00f3n de Vuestras pobres criaturas. Por medio del Coraz\u00f3n de Mar\u00eda inmolada al pie de la Cruz, por la voz elocuente de sus l\u00e1grimas de madre. Os damos gracias, y Os prometemos Oh Jes\u00fas amad\u00edsimo, huir del pecado, combatir nuestras perversas inclinaciones, vencer nuestra repugnancia para el bien, y nuestro apego al mundo y sus falsos placeres, repitiendo con vuestra fiel amante Santa Margarita Mar\u00eda: \u00abEl amor divino me ha vencido \u00c9l solo poseer\u00e1 mi coraz\u00f3n\u00bb. Am\u00e9n<\/p>\n<p>Rezar por las intenciones del Santo padre para obtener la indulgencia plenaria.\u00a0Un Padre Nuestro un ave Mar\u00eda y un Gloria<\/p>\n","protected":false},"excerpt":{"rendered":"<p>Su origen. La devoci\u00f3n de la hora santa tuvo su origen en la oraci\u00f3n que Jes\u00fas hizo en Getsemani , la v\u00edspera de su muerte en la noche del jueves al viernes santo. Consiste en pasar una hora entera en oraci\u00f3n de las 11:00 a las 12:00 de la noche de ese d\u00eda todas la [&hellip;]<\/p>\n","protected":false},"author":1,"featured_media":4926,"parent":4498,"menu_order":0,"comment_status":"closed","ping_status":"closed","template":"","meta":{"spay_email":""},"aioseo_notices":[],"jetpack_shortlink":"https:\/\/wp.me\/P3B5XH-1b7","jetpack-related-posts":[{"id":3377,"url":"http:\/\/catolicasmexico.com\/blog\/facebook-pictures-timeline\/","url_meta":{"origin":4533,"position":0},"title":"Galeria Facebook","date":"28 agosto 2014","format":false,"excerpt":"From Timeline Photos. Posted by Cat\u00f3licas M\u00e9xico - Por el derecho a la vida on 6\/06\/2014 (338 items) Historia de la Virgen de F\u00e1tima. Primera parte.. 22 de marzo nacimiento de Lucia Dos ... Compartimos,la noticia, la pareja que se preparaba a abortar el fin de semana cambi\u00f3 ... Pedimos\u2026","rel":"","context":"Entrada similar","img":{"alt_text":"","src":"","width":0,"height":0},"classes":[]},{"id":4519,"url":"http:\/\/catolicasmexico.com\/blog\/guardia-de-honor-del-sagrado-corazon-de-jesus\/oraciones-de-la-guardia-de-honor\/","url_meta":{"origin":4533,"position":1},"title":"Oraciones de Reparaci\u00f3n","date":"31 mayo 2017","format":false,"excerpt":"Ofrecimiento de la Hora de Guardia para cada d\u00eda: \u00a1Viva Jes\u00fas, muera el pecado, sea por siempre alabado, el Coraz\u00f3n de Jes\u00fas Sacramentado! Sagrado Coraz\u00f3n de Jes\u00fas, encendido en llamas de infinito amor, pero herido hasta lo m\u00e1s hondo por nuestro desamor, desagradecimiento y dureza, me postro en tu presencia\u2026","rel":"","context":"Entrada similar","img":{"alt_text":"","src":"https:\/\/i2.wp.com\/catolicasmexico.com\/blog\/wp-content\/uploads\/2015\/12\/trisagios.png?resize=350%2C200","width":350,"height":200},"classes":[]},{"id":4517,"url":"http:\/\/catolicasmexico.com\/blog\/guardia-de-honor-del-sagrado-corazon-de-jesus\/origen-de-la-guardia-de-honor\/","url_meta":{"origin":4533,"position":2},"title":"Origen de la Guardia de Honor","date":"31 mayo 2017","format":false,"excerpt":"PRESENTACI\u00d3N: Pr\u00e1ctica nacida en el Monasterio de la Visitaci\u00f3n de Bourg, Francia, en 1863 La Guardia de Honor es una piadosa milicia que rodea Jesucristo, Rey inmortal de los siglos, abandonado, ultrajado y perpetuamente inmolado en su Trono Eucar\u00edstico. Estos fervorosos centinelas, escogen una hora al d\u00eda, y en ella,\u2026","rel":"","context":"Entrada similar","img":{"alt_text":"","src":"https:\/\/i1.wp.com\/catolicasmexico.com\/blog\/wp-content\/uploads\/2017\/05\/guardia-de-honor.jpg?resize=350%2C200","width":350,"height":200},"classes":[]},{"id":643,"url":"http:\/\/catolicasmexico.com\/blog\/testimonios\/","url_meta":{"origin":4533,"position":3},"title":"Testimonios","date":"1 junio 2013","format":false,"excerpt":"Carta de una inmigrante. Soy mexicana y vivo en Canad\u00e1, Quiero compartir con todos Ustedes, la historia de una muchacha de origen ruso, que se encuentra embarazada de su novio de origen mexicano, la llamaremos Natalia, para conservar su anonimato. Natalia le dijo de su embarazo a su patrona, su\u2026","rel":"","context":"Entrada similar","img":{"alt_text":"","src":"","width":0,"height":0},"classes":[]},{"id":2,"url":"http:\/\/catolicasmexico.com\/blog\/about\/","url_meta":{"origin":4533,"position":4},"title":"Catolicas Mexico","date":"5 diciembre 2012","format":false,"excerpt":"Somos un grupo de j\u00f3venes cat\u00f3licos, comprometidos con el evangelio, estamos a favor de la vida desde la concepci\u00f3n hasta la muerte natural, defendemos los valores del matrimonio, sacramento instituido por Nuestro Se\u00f1or, promovemos la oraci\u00f3n, el ayuno, la Santa Misa y los Santos Sacramentos como medios eficaces para luchar\u2026","rel":"","context":"Entrada similar","img":{"alt_text":"","src":"","width":0,"height":0},"classes":[]},{"id":4498,"url":"http:\/\/catolicasmexico.com\/blog\/guardia-de-honor-del-sagrado-corazon-de-jesus\/","url_meta":{"origin":4533,"position":5},"title":"GUARDIA DE HONOR DEL SAGRADO CORAZ\u00d3N DE JES\u00daS","date":"25 abril 2017","format":false,"excerpt":"Hora Santa Origen de la Guardia de Honor en M\u00c9XICO Monasterio de la Visitacion, Campana 47 Insurgnetes Mixcoac,03920 CINDAD DE MEXICO\u00a0tel: 00 52 5 598 0868 fax: 00 52 5 55 615 1914, e-mail: visitacion@guardiadehonor.org Director national : Padre ANDRES ESTEBAN LOPEZ RUIZ, CCR et Superior de la Visitation :\u2026","rel":"","context":"Entrada similar","img":{"alt_text":"","src":"https:\/\/i1.wp.com\/catolicasmexico.com\/blog\/wp-content\/uploads\/2020\/02\/c72ad5a6-060c-4f9e-9196-5d09ff6d4683-1278-000001583cd77936.png?resize=350%2C200","width":350,"height":200},"classes":[]}],"jetpack_likes_enabled":false,"jetpack_sharing_enabled":true,"_links":{"self":[{"href":"http:\/\/catolicasmexico.com\/blog\/wp-json\/wp\/v2\/pages\/4533"}],"collection":[{"href":"http:\/\/catolicasmexico.com\/blog\/wp-json\/wp\/v2\/pages"}],"about":[{"href":"http:\/\/catolicasmexico.com\/blog\/wp-json\/wp\/v2\/types\/page"}],"author":[{"embeddable":true,"href":"http:\/\/catolicasmexico.com\/blog\/wp-json\/wp\/v2\/users\/1"}],"replies":[{"embeddable":true,"href":"http:\/\/catolicasmexico.com\/blog\/wp-json\/wp\/v2\/comments?post=4533"}],"version-history":[{"count":7,"href":"http:\/\/catolicasmexico.com\/blog\/wp-json\/wp\/v2\/pages\/4533\/revisions"}],"predecessor-version":[{"id":5036,"href":"http:\/\/catolicasmexico.com\/blog\/wp-json\/wp\/v2\/pages\/4533\/revisions\/5036"}],"up":[{"embeddable":true,"href":"http:\/\/catolicasmexico.com\/blog\/wp-json\/wp\/v2\/pages\/4498"}],"wp:featuredmedia":[{"embeddable":true,"href":"http:\/\/catolicasmexico.com\/blog\/wp-json\/wp\/v2\/media\/4926"}],"wp:attachment":[{"href":"http:\/\/catolicasmexico.com\/blog\/wp-json\/wp\/v2\/media?parent=4533"}],"curies":[{"name":"wp","href":"https:\/\/api.w.org\/{rel}","templated":true}]}}