{"id":4519,"date":"2017-05-31T22:24:25","date_gmt":"2017-06-01T04:24:25","guid":{"rendered":"http:\/\/catolicasmexico.com\/blog\/?page_id=4519"},"modified":"2018-01-17T09:01:34","modified_gmt":"2018-01-17T15:01:34","slug":"oraciones-de-la-guardia-de-honor","status":"publish","type":"page","link":"http:\/\/catolicasmexico.com\/blog\/guardia-de-honor-del-sagrado-corazon-de-jesus\/oraciones-de-la-guardia-de-honor\/","title":{"rendered":"Oraciones de Reparaci\u00f3n"},"content":{"rendered":"<p><strong>Ofrecimiento de la Hora de Guardia para cada d\u00eda:<\/strong><br \/>\n\u00a1Viva Jes\u00fas, muera el pecado, sea por siempre alabado, el Coraz\u00f3n de Jes\u00fas Sacramentado!<br \/>\nSagrado Coraz\u00f3n de Jes\u00fas, encendido en llamas de infinito amor, pero herido hasta lo m\u00e1s hondo por nuestro desamor, desagradecimiento y dureza, me postro en tu presencia durante esta hora para hacerte fiel compa\u00f1\u00eda en este Sagrario y en todos los Sagrarios de la tierra. En uni\u00f3n con el Coraz\u00f3n Inmaculado de Mar\u00eda, mi \u00c1ngel Custodio y mis celestiales Asociados (aqu\u00ed se nombra el patrono o patronos de la hora que se haya escogido), te dedico mis pensamientos, mis acciones y mis sufrimientos en reparaci\u00f3n de los olvidos, ingratitudes e irreverencias que recibes en el Sant\u00edsimo Sacramento del Altar, y ofrezco en reparaci\u00f3n la Sangre y Aguas salidas de tu Coraz\u00f3n traspasado y que T\u00fa presentas incesantemente al Padre, en unidad del Esp\u00edritu Santo, por la salvaci\u00f3n de todas las almas. Am\u00e9n.<br \/>\nNuestra Se\u00f1ora del Sagrado Coraz\u00f3n, proteged a la Guardia de Honor.<br \/>\nSe\u00f1or San Jos\u00e9, San Francisco de As\u00eds, San Francisco de Sales y Santa Margarita Mar\u00eda de Alacoque, rogad por vuestros Guardias.<\/p>\n<p><strong>Oraciones sugeridas.<\/strong><\/p>\n<p><strong>Oraciones de Reparaci\u00f3n.<\/strong><\/p>\n<p>Al Sagrado Coraz\u00f3n de Jes\u00fas en el Santo Sacramento del altar.<br \/>\nSe\u00f1or Jes\u00fas creemos que est\u00e1is realmente presente en la Santa Eucarist\u00eda.<\/p>\n<p>-s\u00ed lo creemos Se\u00f1or-<\/p>\n<p>Nosotros creemos que sois el Verbo encarnado verdadero Dios y verdadero Hombre Hijo de Dios y el Hijo de Maria.<\/p>\n<p>-s\u00ed lo creemos Se\u00f1or-<\/p>\n<p>Nosotros creemos que sois el Salvador del mundo el Juez Soberano de vivos y de muertos.<\/p>\n<p>-s\u00ed lo creemos Se\u00f1or-<\/p>\n<p>Nosotros creemos todo eso que cree y ense\u00f1a la Santa Iglesia Cat\u00f3lica apost\u00f3lica y romana<\/p>\n<p>-s\u00ed lo creemos Se\u00f1or-<\/p>\n<p>Nosotros creemos que sois la Verdad misma y que ten\u00e9is las palabras de Vida eterna<\/p>\n<p>-s\u00ed lo creemos Se\u00f1or-<\/p>\n<p>De rodillas delante de Vuestra Majestad infinita,comparamos en este momento Vuestras ense\u00f1anzas y nuestra conducta, Vuestros beneficios sin n\u00famero y nuestras ingratitudes sin fin, Vuestros generosos perdones y nuestras promesas tan r\u00e1pidamente olvidadas, Vuestras inagotables misericordias y nuestras ca\u00eddas incesantes, Vuestras condescendencia a darnos f\u00e1cilmente medios de expiaci\u00f3n de nuestras faltas y nuestra obstinaci\u00f3n a dejar para m\u00e1s tarde la penitencia.<\/p>\n<p>Confundidos y arrepentidos de haber si indignamente respondido a Vuestro amor por nosotros, decimos juntos y del fondo de nuestro coraz\u00f3n<\/p>\n<p>\u00a1Perd\u00f3n, Se\u00f1or, perd\u00f3n!<\/p>\n<p>Por nuestros propios pecados y por los que hicimos cometer a otros.<\/p>\n<p>\u00a1Perd\u00f3n, Se\u00f1or, perd\u00f3n!<\/p>\n<p>Por los pecados de nuestros parientes de nuestros amigos de nuestros compatriotas y de todos los cristianos.<\/p>\n<p>\u00a1Perd\u00f3n, Se\u00f1or, perd\u00f3n!<\/p>\n<p>Por las visitas a Vuestros Tabern\u00e1culos hechos sin recogimiento, las Misas escuchadas sin devoci\u00f3n, las Santas Comuniones recibidas sin amor y sin reconocimiento.<\/p>\n<p>\u00a1Perd\u00f3n, Se\u00f1or, perd\u00f3n!<\/p>\n<p>Por las Comuniones indignas, los robos sacr\u00edlego y la profanaci\u00f3n de Vuestros Santuarios.<\/p>\n<p>\u00a1Perd\u00f3n, Se\u00f1or, perd\u00f3n!<\/p>\n<p>Por la profanaci\u00f3n del domingo, por la omisi\u00f3n de la Santa Misa y del deber Pascual.<\/p>\n<p>\u00a1Perd\u00f3n, Se\u00f1or, perd\u00f3n!<\/p>\n<p>Por las falsos juramentos, las blasfemias y las imprecaciones.<\/p>\n<p>\u00a1Perd\u00f3n, Se\u00f1or, perd\u00f3n!<\/p>\n<p>Por los odios y las envidias, los chismes y las calumnias.<\/p>\n<p>\u00a1Perd\u00f3n, Se\u00f1or, perd\u00f3n!<\/p>\n<p>Por las venganzas y los asesinatos, los suicidios y los esc\u00e1ndalos.<\/p>\n<p>\u00a1Perd\u00f3n, Se\u00f1or, perd\u00f3n!<\/p>\n<p>Por las persecuciones contra Vuestra Iglesia , Vuestro jefe, sus ministros, sus religiosos y sus hijos los m\u00e1s devotos.<\/p>\n<p>\u00a1Perd\u00f3n, Se\u00f1or, perd\u00f3n!<\/p>\n<p>Por las negligencias culpables de los padres y las desobediencias de los hijos.<\/p>\n<p>\u00a1Perd\u00f3n, Se\u00f1or, perd\u00f3n!<\/p>\n<p>Por las glotoner\u00eda, las borracheras, la profanaci\u00f3n del ayuno y de la abstinencia.<\/p>\n<p>\u00a1Perd\u00f3n, Se\u00f1or, perd\u00f3n!<\/p>\n<p>Por los pensamientos y los deseos, las palabras y las acciones deshonestas.<\/p>\n<p>\u00a1Perd\u00f3n, Se\u00f1or, perd\u00f3n!<\/p>\n<p>En fin por todas las faltas que entristecen Vuestro Divino Coraz\u00f3n.<\/p>\n<p>\u00a1Perd\u00f3n, Se\u00f1or, perd\u00f3n!<\/p>\n<p>En compensaci\u00f3n de tantas ingratitudes, nosotros os ofrecemos Coraz\u00f3n Sagrado de Jes\u00fas el amor y el reconocimiento de Mar\u00eda Vuestra madre la adoraci\u00f3n de los nueve coros de \u00e1ngeles, los homenajes de todos los santos del cielo y de la tierra.<\/p>\n<p>En reparaci\u00f3n de tantas iniquidades nosotros os ofrecemos \u00a1oh Jes\u00fas! \u00a0Vuestras expiaciones infinitas, las de la Virgen Inmaculada, la de Vuestros sacerdotes, la de Vuestros \u00a0m\u00e1rtires, la de \u00a0Vuestros elegidos.<\/p>\n<p>Por nuestra parte contando con Vuestra gracia, queremos dar amor por amor y conservar siempre vivo en nuestras almas el recuerdo de Vuestros beneficios. \u00a1Nosotros lo queremos Se\u00f1or!<\/p>\n<p>Queremos ser m\u00e1s fervientes en los santos Misterios, m\u00e1s presurosos para visitaros en Vuestra prisi\u00f3n de amor, m\u00e1s \u00e1vidos para sentarnos en el banquete de la Eucarist\u00eda.<\/p>\n<p>\u00a1Nosotros lo queremos Se\u00f1or!<\/p>\n<p>Queremos poner nuestros sentimientos y nuestros discursos en constante armon\u00eda con \u00a0Vuestras ense\u00f1anzas, nuestra conducta en perfecta conformidad con Vuestros mandamientos y los de Vuestra Iglesia.<\/p>\n<p>Se\u00f1or Jes\u00fas Vos sab\u00e9is que somos d\u00e9biles, necesitamos la gracia para cumplir nuestras promesas os suplicamos que nos las concede\u00eds a manos llenas para nuestras almas.<\/p>\n<p>Bendecid esta parroquia, esta di\u00f3cesis, este pa\u00eds entero con las familias que lo componen, las autoridades que lo gobiernan. Bendecid las comunidades religiosas que se han consagrado a la reparaci\u00f3n, a la ense\u00f1anza, a las obras de caridad. Bendecid a las personas a las cuales estamos unidas por lazos de sangre o de amistad. Permitid a fuerza de amor y de los beneficios recibidos a serviros si fielmente que al final de nuestras vidas, seamos del grupo a los que dir\u00e9is estas consoladoras palabras: \u00abVenid los benditos de mi padre, tomad posesi\u00f3n del reino que les ha sido preparado desde el origen del mundo. Am\u00e9n.<\/p>\n<p>(Indulgencia de 100 d\u00edas)<\/p>\n<p><strong>Oraci\u00f3n de Expiaci\u00f3n.<\/strong><\/p>\n<p>Henos aqu\u00ed posternados ante Vos, nosotros creemos que est\u00e1is en la Santa Hostia que Vos est\u00e1is realmente presente, Verbo encarnado, Verdadero Dios y Verdadero hombre, nuestro Creador, nuestro Salvador, nuestro Fin \u00faltimo. Al recordar Vuestros bienes y beneficios, al recordar nuestros deberes, al recordar nuestra ingratitudes nos llenamos de confusi\u00f3n angustias y dolor.<\/p>\n<p>Es por esto que en presencia de Vuestro Sacramento adorable, pedimos arrepentidos: \u00a1 Se\u00f1or perd\u00f3nanos!<\/p>\n<p>Por nuestros propios pecados y por la de nuestros parientes, de nuestros hermanos de nuestros amigos y de nuestro pa\u00eds: \u00a1 Se\u00f1or perd\u00f3nanos!<\/p>\n<p>Por las blasfemas y por la profanaci\u00f3n del domingo: \u00a1 Se\u00f1or perd\u00f3nanos!<\/p>\n<p>Por las impurezas, por los esc\u00e1ndalos: \u00a1 Se\u00f1or perd\u00f3nanos!<\/p>\n<p>Por el odio y los rencores: \u00a1 Se\u00f1or perd\u00f3nanos!<\/p>\n<p>Por las injusticias y los robos : \u00a1 Se\u00f1or perd\u00f3nanos!<\/p>\n<p>Por la desobediencia a la santa Iglesia: \u00a1 Se\u00f1or perd\u00f3nanos!<\/p>\n<p>Por la profanaci\u00f3n de la abstinencia : \u00a1 Se\u00f1or perd\u00f3nanos!<\/p>\n<p>Por las cobard\u00eda y el respeto humano: \u00a1 Se\u00f1or perd\u00f3nanos!<\/p>\n<p>Por los cr\u00edmenes de los esposos, las negligencias de los padres y de las madres, por las faltas de los hijos: \u00a1 Se\u00f1or perd\u00f3nanos!<\/p>\n<p>Por los atentados cometidos contra Vuestro representante, el Pont\u00edfice Romano: \u00a1 Se\u00f1or perd\u00f3nanos!<\/p>\n<p>Por las persecuciones contra Vuestros obispos,Vuestros sacerdotes, Vuestros religiosos y Vuestras v\u00edrgenes: \u00a1 Se\u00f1or perd\u00f3nanos!<\/p>\n<p>Por los insultos hechos a \u00a0Vuestras im\u00e1genes, la profanaci\u00f3n a \u00a0Vuestros santuarios, los ultrajes al santo Tabern\u00e1culo: \u00a1 Se\u00f1or perd\u00f3nanos!<\/p>\n<p>M\u00edranos desde tu trono, humillados y arrepentidos, esperamos en vuestra bondad una palabra de misericordia: para obtenerla perm\u00edtenos hacer reparaci\u00f3n para poder amarte de manera perfecta.<\/p>\n<p>Nosotros os adoraremos en el Augusto Sacramento, os visitaremos, os recibiremos, os haremos conocer, respetar y amar. Bendecid Se\u00f1or nuestras familias, nuestra parroquia, padres e hijos, hermanos y hermanas,maestros y servidores; bendec\u00edd las asociaciones que est\u00e1n dedicadas a la reparaci\u00f3n y a la penitencia, aquellas dedicadas a \u00a0Vuestro culto, a los sacerdotes dedicados a Vuestra gloria, a las comunidades religiosas dedicadas a la ense\u00f1anza y a las obras de caridad. Am\u00e9n<\/p>\n<p><b>Oraci\u00f3n de Reparaci\u00f3n.<\/b><\/p>\n<p>Divino Redentor de los hombres me inclino en Vuestra \u00a0presencia, lleno de confusi\u00f3n mirando fijamente vuestro tabern\u00e1culo donde noche y d\u00eda vela Vuestro amor. Siento mi coraz\u00f3n que se entristece viendo el olvido en el cual os dejan tantas almas que comprasteis. Sin embargo ya que Vos me permites con tanta bondad unirme durante esta hora santa, mis l\u00e1grimas a aquellas que derramaste, os suplico oh Jes\u00fas, por aquellos que no rezan, yo os amo por aquellos que no os aman, os bendigo por aquellos que os maldicen y con todo el ardor de mi alma, yo os adoro y os venero en uni\u00f3n con la eterna alabanza que recib\u00eds del cielo y la oraci\u00f3n universal de todos los santuarios del mundo.<\/p>\n<p>Escuchad Se\u00f1or el grito de nuestros corazones arrepentidos y afligidos.<\/p>\n<p>Aceptad los actos de expiaci\u00f3n que Vos ofrecemos. Queremos que nuestras s\u00faplicas sean m\u00e1s fuertes que las injurias de la tierra, queremos que nuestras alabanzas suban m\u00e1s alto que las blasfemias de los hombres, queremos que Vuestras divinas misericordias paguen por la multitud de nuestras ofensas.<\/p>\n<p>Se\u00f1or escucha nuestra voz que piden perd\u00f3n.<\/p>\n<p>Perd\u00f3n por nuestros pecados y por los de nuestros parientes y la de nuestros amigos. &#8230;&#8230;..Perd\u00f3n, Se\u00f1or, perd\u00f3n&#8230;..<\/p>\n<p>Perd\u00f3n por las blasfemias y los blasfemos<\/p>\n<p>&#8230;&#8230;..Perd\u00f3n, Se\u00f1or, perd\u00f3n&#8230;..<\/p>\n<p>Perd\u00f3n por aquellos hijos de Dios y de la Iglesia, que con una rabia sat\u00e1nica y una locura ciega llegan a maldecir su santo bautismo.<\/p>\n<p>&#8230;&#8230;..Perd\u00f3n, Se\u00f1or, perd\u00f3n&#8230;..<\/p>\n<p>Perd\u00f3n por aquellos que insultan a la Virgen dulc\u00edsima, tan bondadosa y poderosa, perd\u00f3n por aquellos que ultrajan y maldicen a la Madre de Dios y de los cristianos.<\/p>\n<p>&#8230;&#8230;..Perd\u00f3n, Se\u00f1or, perd\u00f3n&#8230;.<\/p>\n<p>Perd\u00f3n por los cat\u00f3licos que vocifera con sangrientos ultrajes el nombre de Cristo y escupen blasfemias al rostro amad\u00edsimo de Jes\u00fas.<\/p>\n<p>&#8230;&#8230;..Perd\u00f3n, Se\u00f1or, perd\u00f3n&#8230;.<\/p>\n<p>Perd\u00f3n por los imp\u00edos, y los profanadores del Templo que ultrajan el Santo Sacramento, arrastrando y despreciando el Santo tabern\u00e1culo .<\/p>\n<p>&#8230;&#8230;..Perd\u00f3n, Se\u00f1or, perd\u00f3n&#8230;.<\/p>\n<p>Perd\u00f3n por aquellos que ensucian con abominaciones el C\u00e1liz que todas las ma\u00f1anas desborda de la Preciosa Sangre de Jes\u00fas.<\/p>\n<p>&#8230;&#8230;..Perd\u00f3n, Se\u00f1or, perd\u00f3n&#8230;.<\/p>\n<p>Perd\u00f3n por aquello que arrancan el Cop\u00f3n Sagrado para aventarlo en la calle diciendo groser\u00edas.<\/p>\n<p>&#8230;&#8230;..Perd\u00f3n, Se\u00f1or, perd\u00f3n&#8230;.<\/p>\n<p>Perd\u00f3n por aquellos que miran al Calvario y que s\u00f3lo saben maldecirlo y vociferan contra la Cruz horrores que salen de sus bocas y de sus corazones.<\/p>\n<p>&#8230;&#8230;..Perd\u00f3n, Se\u00f1or, perd\u00f3n&#8230;.<\/p>\n<p>Perd\u00f3n por aquellos que murmuran contra la Providencia.<\/p>\n<p>&#8230;&#8230;..Perd\u00f3n, Se\u00f1or, perd\u00f3n&#8230;.<\/p>\n<p>Perd\u00f3n por los abusos de los sacramentos y los ultrajes a la Santa Eucarist\u00eda.<\/p>\n<p>&#8230;&#8230;..Perd\u00f3n, Se\u00f1or, perd\u00f3n&#8230;.<\/p>\n<p>En fin \u00a1ohJes\u00fas! perd\u00f3n por los buenos que tropiezan y por los pecadores que resisten a la gracia.<\/p>\n<p>Oraci\u00f3n.<\/p>\n<p>\u00a1Oh Sagrado Coraz\u00f3n de Jes\u00fas cuya misericordia es infinita, Cuyas bendiciones infinitas y los perdones son tan generosos, tened piedad de los blasfemos no saben lo que hacen y no sabe lo que dicen!<\/p>\n<p>Solamente son los portavoces de Satan\u00e1s que por su rabia infernal utiliza su boca para vomitar el odio y la injuria contra todo lo que es santo, sagrado y bendito, contra el Bautismo, la Sant\u00edsima Virgen, Cristo y la Eucarist\u00eda. \u00a1Oh Jes\u00fas ten piedad de los blasfemos para que se conviertan, para que no hagan m\u00e1s esc\u00e1ndalos que afectan a nuestros ni\u00f1os, para que ya no sean la verg\u00fcenza de nuestra sociedad, la maldici\u00f3n de nuestro pa\u00eds. Cura sus corazones, purifica sus lenguas, corr\u00edgelos, s\u00e1lvalos, en fin pres\u00e9rvanos de todo pecado sobre todo protejenos de este pecado monstruoso, pecado de pura malicia y de odio diab\u00f3lico. Danos el valor y los medios de combatirlo a nuestro alrededor, a fin de que podamos defender sobre la tierra el Honor de Vuestro Nombre y que podamos poseer la felicidad de glorificarte con Los \u00c1ngeles y los Santos por toda la eternidad. Am\u00e9n.<\/p>\n<p>Oraci\u00f3n por los agonizantes.<\/p>\n<p>\u00a1Oh misericordioso Jes\u00fas! lleno de amor por las almas os suplico por la agon\u00eda de Vuestro Sant\u00edsimo Coraz\u00f3n y por los dolores de \u00a0Vuestra Madre Inmaculada, purificad en Vuestra Sangre a todos los pecadores del mundo entero que est\u00e1n en este momento agonizando y que van a morir hoy. Am\u00e9n.<\/p>\n<p>Sagrado Coraz\u00f3n de Jes\u00fas agonizante, tened piedad de los moribundos. Am\u00e9n.<\/p>\n<p><strong>Oraci\u00f3n reparadora.<\/strong><\/p>\n<p>\u00a1Oh Jes\u00fas amable y bondadoso! \u00a1oh divino Salvador de nuestras almas! Dignados echar una mirada de misericordia sobre vuestras guardias de honor que reunidos en un mismo pensamiento de fe, de esperanza y de amor vienen a llorar a Vuestras plantas sus infidelidades y las de los pobres pecadores sus hermanos.<\/p>\n<p>Ojal\u00e1 podamos con las unanimes y solemnes promesas que os vamos a hacer conmover Vuestro divino Coraz\u00f3n y obtener de \u00e9l misericordia para nosotros, para el mundo desgraciado y culpable y para todos aquellos que no tienen la dicha de amaros. De hoy en adelante todos os prometemos que del olvido e ingratitud de los hombres \u00a1Os consolaremos Se\u00f1or!<\/p>\n<p>De la temeridad del mundo \u00a1Os consolaremos Se\u00f1or!<\/p>\n<p>De vuestro abandono en el Sant\u00edsimo \u00a0Sacramento \u00a1os consolaremos Se\u00f1or!<\/p>\n<p>De los cr\u00edmenes de los pecadores \u00a1Os consolaremos Se\u00f1or!<\/p>\n<p>Del odio de los imp\u00edos \u00a1Os consolaremos Se\u00f1or!<\/p>\n<p>De las blasfemias que se profieran contra Vos \u00a1Os consolaremos Se\u00f1or!<\/p>\n<p>De los d\u00edas santos que se profanan \u00a1Os consolaremos Se\u00f1or!<\/p>\n<p>De las injurias hechas a Vuestra Divinidad \u00a1Os consolaremos Se\u00f1or!<\/p>\n<p>De los sacrilegio con que se profana Vuestro Sacramento de Amor \u00a1Os consolaremos Se\u00f1or!<\/p>\n<p>De las inmodestia es irreverencias cometidas en Vuestra presencia adorable \u00a1 Os consolaremos Se\u00f1or!<\/p>\n<p>De las traiciones de que sois la adorable V\u00edctima \u00a1Os consolaremos Se\u00f1or!<\/p>\n<p>De la frialdad de la mayor parte de \u00a0Vuestros hijos \u00a1Os solaremos Se\u00f1or!<\/p>\n<p>Del desd\u00e9n con que oyen Vuestras \u00a0llamadas de amor \u00a1Os consolaremos Se\u00f1or!<\/p>\n<p>De las infidelidades de los que se llaman amigos Vuestros \u00a1Os consolaremos Se\u00f1or!<\/p>\n<p>Del abuso que se hace de Vuestras gracias \u00a1Os consolaremos Se\u00f1or!<\/p>\n<p>De nuestras propias infidelidades \u00a1Os consolaremos Se\u00f1or!<\/p>\n<p>De las incomprensibles durezas de nuestros corazones \u00a1Os consolaremos Se\u00f1or!<\/p>\n<p>De nuestra tibieza en amaros \u00a1Os consolaremos Se\u00f1or!<\/p>\n<p>De nuestra cobard\u00eda en Vuestro santo servicio \u00a1Os consolaremos Se\u00f1or!<\/p>\n<p>De de la amarga tristeza de que os llenan la p\u00e9rdida de tantas almas \u00a1Os consolaremos Se\u00f1or!<\/p>\n<p>De los largos ratos que os hacemos estar a las puertas de nuestro coraz\u00f3n \u00a1Os consolaremos Se\u00f1or!<\/p>\n<p>De los amargos desd\u00e9nes que se Os prodigan \u00a1Os consolaremos Se\u00f1or!<\/p>\n<p>Vuestros suspiros de amor \u00a1Os consolaremos Se\u00f1or!<\/p>\n<p>Vuestras l\u00e1grimas de amor \u00a1Os consolaremos Se\u00f1or!<\/p>\n<p>Vuestro martirio de amor \u00a1Os consolaremos Se\u00f1or!<\/p>\n<p>Vuestra sed devoradora \u00a1Os consolaremos Se\u00f1or!<\/p>\n<p><b>Oraci\u00f3n<\/b>.<\/p>\n<p>Jes\u00fas divino Salvador amante, que hab\u00e9is dejado salir de Vuestros labios esta dolorosa queja de Vuestro Coraz\u00f3n: \u00bb busqu\u00e9 quien me consolase y no lo halle\u00bb dignaos recibir el peque\u00f1o tributo de nuestros consuelos y asistirnos siempre eficazmente con el socorro de Vuestra gracia a fin de que en lo porvenir huyendo m\u00e1s y m\u00e1s de todo cu\u00e1ntos pueda desagradar, nos mostremos siempre y en todas partes \u00a0Vuestros fieles y fervorosos guardia de honor. Os lo pedimos por Vuestro coraz\u00f3n a Vos, que siendo Dios con el padre y el esp\u00edritu Santo vivis y reinais por todos los siglos de los siglos am\u00e9n.<\/p>\n<p><strong>Tantum ergo.<\/strong><\/p>\n<p>Tantum ergo, Sacramentum<\/p>\n<p>Veneremur cernui :<\/p>\n<p>Et antiquum documentum,<\/p>\n<p>Novo cedat ritui :<\/p>\n<p>Praestet fides suplementum,<\/p>\n<p>Sensuum defectui.<br \/>\nGenitori, Genitoque,<\/p>\n<p>Laus et jubilatio :<\/p>\n<p>Salus, honor, virtus quoque,<\/p>\n<p>Sit et benedictio :<\/p>\n<p>Procedenti abutroque,<\/p>\n<p>Comparsit laudatio.<\/p>\n","protected":false},"excerpt":{"rendered":"<p>Ofrecimiento de la Hora de Guardia para cada d\u00eda: \u00a1Viva Jes\u00fas, muera el pecado, sea por siempre alabado, el Coraz\u00f3n de Jes\u00fas Sacramentado! Sagrado Coraz\u00f3n de Jes\u00fas, encendido en llamas de infinito amor, pero herido hasta lo m\u00e1s hondo por nuestro desamor, desagradecimiento y dureza, me postro en tu presencia durante esta hora para hacerte [&hellip;]<\/p>\n","protected":false},"author":1,"featured_media":4129,"parent":4498,"menu_order":1,"comment_status":"closed","ping_status":"closed","template":"","meta":{"spay_email":""},"aioseo_notices":[],"jetpack_shortlink":"https:\/\/wp.me\/P3B5XH-1aT","jetpack-related-posts":[{"id":4533,"url":"http:\/\/catolicasmexico.com\/blog\/guardia-de-honor-del-sagrado-corazon-de-jesus\/hora-santa\/","url_meta":{"origin":4519,"position":0},"title":"Hora Santa","date":"7 junio 2017","format":false,"excerpt":"Su origen. La devoci\u00f3n de la hora santa tuvo su origen en la oraci\u00f3n que Jes\u00fas hizo en Getsemani , la v\u00edspera de su muerte en la noche del jueves al viernes santo. Consiste en pasar una hora entera en oraci\u00f3n de las 11:00 a las 12:00 de la noche\u2026","rel":"","context":"Entrada similar","img":{"alt_text":"","src":"https:\/\/i0.wp.com\/catolicasmexico.com\/blog\/wp-content\/uploads\/2020\/02\/bb8eb6a2-edb7-49ab-886e-ab63ef49bf62-304-00000054f3263bf6.jpg?resize=350%2C200","width":350,"height":200},"classes":[]},{"id":4517,"url":"http:\/\/catolicasmexico.com\/blog\/guardia-de-honor-del-sagrado-corazon-de-jesus\/origen-de-la-guardia-de-honor\/","url_meta":{"origin":4519,"position":1},"title":"Origen de la Guardia de Honor","date":"31 mayo 2017","format":false,"excerpt":"PRESENTACI\u00d3N: Pr\u00e1ctica nacida en el Monasterio de la Visitaci\u00f3n de Bourg, Francia, en 1863 La Guardia de Honor es una piadosa milicia que rodea Jesucristo, Rey inmortal de los siglos, abandonado, ultrajado y perpetuamente inmolado en su Trono Eucar\u00edstico. Estos fervorosos centinelas, escogen una hora al d\u00eda, y en ella,\u2026","rel":"","context":"Entrada similar","img":{"alt_text":"","src":"https:\/\/i1.wp.com\/catolicasmexico.com\/blog\/wp-content\/uploads\/2017\/05\/guardia-de-honor.jpg?resize=350%2C200","width":350,"height":200},"classes":[]},{"id":3377,"url":"http:\/\/catolicasmexico.com\/blog\/facebook-pictures-timeline\/","url_meta":{"origin":4519,"position":2},"title":"Galeria Facebook","date":"28 agosto 2014","format":false,"excerpt":"From Timeline Photos. Posted by Cat\u00f3licas M\u00e9xico - Por el derecho a la vida on 6\/06\/2014 (338 items) Historia de la Virgen de F\u00e1tima. Primera parte.. 22 de marzo nacimiento de Lucia Dos ... Compartimos,la noticia, la pareja que se preparaba a abortar el fin de semana cambi\u00f3 ... Pedimos\u2026","rel":"","context":"Entrada similar","img":{"alt_text":"","src":"","width":0,"height":0},"classes":[]},{"id":4498,"url":"http:\/\/catolicasmexico.com\/blog\/guardia-de-honor-del-sagrado-corazon-de-jesus\/","url_meta":{"origin":4519,"position":3},"title":"GUARDIA DE HONOR DEL SAGRADO CORAZ\u00d3N DE JES\u00daS","date":"25 abril 2017","format":false,"excerpt":"Hora Santa Origen de la Guardia de Honor en M\u00c9XICO Monasterio de la Visitacion, Campana 47 Insurgnetes Mixcoac,03920 CINDAD DE MEXICO\u00a0tel: 00 52 5 598 0868 fax: 00 52 5 55 615 1914, e-mail: visitacion@guardiadehonor.org Director national : Padre ANDRES ESTEBAN LOPEZ RUIZ, CCR et Superior de la Visitation :\u2026","rel":"","context":"Entrada similar","img":{"alt_text":"","src":"https:\/\/i1.wp.com\/catolicasmexico.com\/blog\/wp-content\/uploads\/2020\/02\/c72ad5a6-060c-4f9e-9196-5d09ff6d4683-1278-000001583cd77936.png?resize=350%2C200","width":350,"height":200},"classes":[]},{"id":2389,"url":"http:\/\/catolicasmexico.com\/blog\/pies-preciosos-2\/","url_meta":{"origin":4519,"position":4},"title":"Pies Preciosos","date":"15 enero 2014","format":false,"excerpt":"El s\u00edmbolo internacional pro-vida. La medida y la forma exacta de los pies de un no nato de 10 semanas. En ningun momento de nuestra vida se producen tantos cambios y se crece tanto como en los primeros nueve meses antes del nacimiento. He aqu\u00ed las admirables etapas del comienzo\u2026","rel":"","context":"Con 6 comentarios","img":{"alt_text":"","src":"","width":0,"height":0},"classes":[]},{"id":2,"url":"http:\/\/catolicasmexico.com\/blog\/about\/","url_meta":{"origin":4519,"position":5},"title":"Catolicas Mexico","date":"5 diciembre 2012","format":false,"excerpt":"Somos un grupo de j\u00f3venes cat\u00f3licos, comprometidos con el evangelio, estamos a favor de la vida desde la concepci\u00f3n hasta la muerte natural, defendemos los valores del matrimonio, sacramento instituido por Nuestro Se\u00f1or, promovemos la oraci\u00f3n, el ayuno, la Santa Misa y los Santos Sacramentos como medios eficaces para luchar\u2026","rel":"","context":"Entrada similar","img":{"alt_text":"","src":"","width":0,"height":0},"classes":[]}],"jetpack_likes_enabled":false,"jetpack_sharing_enabled":true,"_links":{"self":[{"href":"http:\/\/catolicasmexico.com\/blog\/wp-json\/wp\/v2\/pages\/4519"}],"collection":[{"href":"http:\/\/catolicasmexico.com\/blog\/wp-json\/wp\/v2\/pages"}],"about":[{"href":"http:\/\/catolicasmexico.com\/blog\/wp-json\/wp\/v2\/types\/page"}],"author":[{"embeddable":true,"href":"http:\/\/catolicasmexico.com\/blog\/wp-json\/wp\/v2\/users\/1"}],"replies":[{"embeddable":true,"href":"http:\/\/catolicasmexico.com\/blog\/wp-json\/wp\/v2\/comments?post=4519"}],"version-history":[{"count":11,"href":"http:\/\/catolicasmexico.com\/blog\/wp-json\/wp\/v2\/pages\/4519\/revisions"}],"predecessor-version":[{"id":4788,"href":"http:\/\/catolicasmexico.com\/blog\/wp-json\/wp\/v2\/pages\/4519\/revisions\/4788"}],"up":[{"embeddable":true,"href":"http:\/\/catolicasmexico.com\/blog\/wp-json\/wp\/v2\/pages\/4498"}],"wp:featuredmedia":[{"embeddable":true,"href":"http:\/\/catolicasmexico.com\/blog\/wp-json\/wp\/v2\/media\/4129"}],"wp:attachment":[{"href":"http:\/\/catolicasmexico.com\/blog\/wp-json\/wp\/v2\/media?parent=4519"}],"curies":[{"name":"wp","href":"https:\/\/api.w.org\/{rel}","templated":true}]}}