{"id":4517,"date":"2017-05-31T23:19:49","date_gmt":"2017-06-01T04:19:49","guid":{"rendered":"http:\/\/catolicasmexico.com\/blog\/?page_id=4517"},"modified":"2021-08-25T14:38:06","modified_gmt":"2021-08-25T19:38:06","slug":"origen-de-la-guardia-de-honor","status":"publish","type":"page","link":"http:\/\/catolicasmexico.com\/blog\/guardia-de-honor-del-sagrado-corazon-de-jesus\/origen-de-la-guardia-de-honor\/","title":{"rendered":"Origen de la Guardia de Honor"},"content":{"rendered":"<p><a href=\"http:\/\/catolicasmexico.com\/blog\/wp-content\/uploads\/2017\/05\/guardia-de-honor.jpg\"><img data-attachment-id=\"4508\" data-permalink=\"http:\/\/catolicasmexico.com\/blog\/guardia-de-honor-del-sagrado-corazon-de-jesus\/origen-de-la-guardia-de-honor\/guardia-de-honor-jpg\/\" data-orig-file=\"http:\/\/catolicasmexico.com\/blog\/wp-content\/uploads\/2017\/05\/guardia-de-honor.jpg\" data-orig-size=\"820,970\" data-comments-opened=\"1\" data-image-meta=\"{&quot;aperture&quot;:&quot;0&quot;,&quot;credit&quot;:&quot;&quot;,&quot;camera&quot;:&quot;&quot;,&quot;caption&quot;:&quot;&quot;,&quot;created_timestamp&quot;:&quot;0&quot;,&quot;copyright&quot;:&quot;&quot;,&quot;focal_length&quot;:&quot;0&quot;,&quot;iso&quot;:&quot;0&quot;,&quot;shutter_speed&quot;:&quot;0&quot;,&quot;title&quot;:&quot;&quot;,&quot;orientation&quot;:&quot;0&quot;}\" data-image-title=\"guardia-de-honor.jpg\" data-image-description=\"\" data-medium-file=\"http:\/\/catolicasmexico.com\/blog\/wp-content\/uploads\/2017\/05\/guardia-de-honor-254x300.jpg\" data-large-file=\"http:\/\/catolicasmexico.com\/blog\/wp-content\/uploads\/2017\/05\/guardia-de-honor.jpg\" class=\"alignleft size-full wp-image-4508\" src=\"http:\/\/catolicasmexico.com\/blog\/wp-content\/uploads\/2017\/05\/guardia-de-honor.jpg\" alt=\"\" width=\"820\" height=\"970\" srcset=\"http:\/\/catolicasmexico.com\/blog\/wp-content\/uploads\/2017\/05\/guardia-de-honor.jpg 820w, http:\/\/catolicasmexico.com\/blog\/wp-content\/uploads\/2017\/05\/guardia-de-honor-768x908.jpg 768w, http:\/\/catolicasmexico.com\/blog\/wp-content\/uploads\/2017\/05\/guardia-de-honor-254x300.jpg 300w, http:\/\/catolicasmexico.com\/blog\/wp-content\/uploads\/2017\/05\/guardia-de-honor-150x150.jpg 150w\" sizes=\"100vw\" \/> <\/a><\/p>\n<p><strong>PRESENTACI\u00d3N:<\/strong><\/p>\n<p><em>Pr\u00e1ctica nacida en el Monasterio de la Visitaci\u00f3n de Bourg, Francia, en 1863<\/em><\/p>\n<p>La <strong>Guardia de Honor<\/strong> es una piadosa milicia que rodea Jesucristo, Rey inmortal de los siglos, abandonado, ultrajado y perpetuamente inmolado en su Trono Eucar\u00edstico. Estos fervorosos centinelas, escogen una hora al d\u00eda, y en ella, sin dejar sus ocupaciones habituales, se postran en esp\u00edritu frente al Sagrario, a imitaci\u00f3n de la primera Guardia, compuesta por Nuestra Madre Dolorosa, San Juan y Santa Mar\u00eda Magdalena.<\/p>\n<p>Este real servicio de adoraci\u00f3n conviene muy especialmente los miembros de una Obra que reconoce y proclama la dignidad Real de Jesucristo. Los Guardias de Honor lo saben muy bien y le reservan el mejor lugar en sus ejercicios de piedad.<br \/>\nSe puede creer que las mayores bendiciones del Coraz\u00f3n de Jes\u00fas corresponder\u00e1n intectiblemente, y recompensar\u00e1n el sacrificio de sus humildes adoradores.<\/p>\n<p><strong>CONDICIONES DE ADMISI\u00d3N.<\/strong><\/p>\n<p>Para formar parte de la Guardia de Honor y participar de sus innumerables beneficios, se necesita:<br \/>\n1\u00b0 Inscribir su nombre en alg\u00fan centro para ello autorizado; a lo menos ser inscrito por alguno de los Directores, Celadores \u00f3 Celadoras de la Obra, tambi\u00e9n autorizados por el mismo, para este fin.<br \/>\n2\u00b0 Estar inscrito en uno de los Cuadrantes (ver ilustraci\u00f3n superior) de registro de una Cofrad\u00eda leg\u00edtimamente establecida.<br \/>\n3\u00b0 Hacer con regularidad la hora de Guardia. (Nada obliga bajo pecado)<\/p>\n","protected":false},"excerpt":{"rendered":"<p>PRESENTACI\u00d3N: Pr\u00e1ctica nacida en el Monasterio de la Visitaci\u00f3n de Bourg, Francia, en 1863 La Guardia de Honor es una piadosa milicia que rodea Jesucristo, Rey inmortal de los siglos, abandonado, ultrajado y perpetuamente inmolado en su Trono Eucar\u00edstico. Estos fervorosos centinelas, escogen una hora al d\u00eda, y en ella, sin dejar sus ocupaciones habituales, [&hellip;]<\/p>\n","protected":false},"author":1,"featured_media":4508,"parent":4498,"menu_order":0,"comment_status":"closed","ping_status":"closed","template":"","meta":{"spay_email":""},"aioseo_notices":[],"jetpack_shortlink":"https:\/\/wp.me\/P3B5XH-1aR","jetpack-related-posts":[{"id":4519,"url":"http:\/\/catolicasmexico.com\/blog\/guardia-de-honor-del-sagrado-corazon-de-jesus\/oraciones-de-la-guardia-de-honor\/","url_meta":{"origin":4517,"position":0},"title":"Oraciones de Reparaci\u00f3n","date":"31 mayo 2017","format":false,"excerpt":"Ofrecimiento de la Hora de Guardia para cada d\u00eda: \u00a1Viva Jes\u00fas, muera el pecado, sea por siempre alabado, el Coraz\u00f3n de Jes\u00fas Sacramentado! Sagrado Coraz\u00f3n de Jes\u00fas, encendido en llamas de infinito amor, pero herido hasta lo m\u00e1s hondo por nuestro desamor, desagradecimiento y dureza, me postro en tu presencia\u2026","rel":"","context":"Entrada similar","img":{"alt_text":"","src":"https:\/\/i2.wp.com\/catolicasmexico.com\/blog\/wp-content\/uploads\/2015\/12\/trisagios.png?resize=350%2C200","width":350,"height":200},"classes":[]},{"id":4533,"url":"http:\/\/catolicasmexico.com\/blog\/guardia-de-honor-del-sagrado-corazon-de-jesus\/hora-santa\/","url_meta":{"origin":4517,"position":1},"title":"Hora Santa","date":"7 junio 2017","format":false,"excerpt":"Su origen. La devoci\u00f3n de la hora santa tuvo su origen en la oraci\u00f3n que Jes\u00fas hizo en Getsemani , la v\u00edspera de su muerte en la noche del jueves al viernes santo. Consiste en pasar una hora entera en oraci\u00f3n de las 11:00 a las 12:00 de la noche\u2026","rel":"","context":"Entrada similar","img":{"alt_text":"","src":"https:\/\/i0.wp.com\/catolicasmexico.com\/blog\/wp-content\/uploads\/2020\/02\/bb8eb6a2-edb7-49ab-886e-ab63ef49bf62-304-00000054f3263bf6.jpg?resize=350%2C200","width":350,"height":200},"classes":[]},{"id":4498,"url":"http:\/\/catolicasmexico.com\/blog\/guardia-de-honor-del-sagrado-corazon-de-jesus\/","url_meta":{"origin":4517,"position":2},"title":"GUARDIA DE HONOR DEL SAGRADO CORAZ\u00d3N DE JES\u00daS","date":"25 abril 2017","format":false,"excerpt":"Hora Santa Origen de la Guardia de Honor en M\u00c9XICO Monasterio de la Visitacion, Campana 47 Insurgnetes Mixcoac,03920 CINDAD DE MEXICO\u00a0tel: 00 52 5 598 0868 fax: 00 52 5 55 615 1914, e-mail: visitacion@guardiadehonor.org Director national : Padre ANDRES ESTEBAN LOPEZ RUIZ, CCR et Superior de la Visitation :\u2026","rel":"","context":"Entrada similar","img":{"alt_text":"","src":"https:\/\/i1.wp.com\/catolicasmexico.com\/blog\/wp-content\/uploads\/2020\/02\/c72ad5a6-060c-4f9e-9196-5d09ff6d4683-1278-000001583cd77936.png?resize=350%2C200","width":350,"height":200},"classes":[]},{"id":3377,"url":"http:\/\/catolicasmexico.com\/blog\/facebook-pictures-timeline\/","url_meta":{"origin":4517,"position":3},"title":"Galeria Facebook","date":"28 agosto 2014","format":false,"excerpt":"From Timeline Photos. Posted by Cat\u00f3licas M\u00e9xico - Por el derecho a la vida on 6\/06\/2014 (338 items) Historia de la Virgen de F\u00e1tima. Primera parte.. 22 de marzo nacimiento de Lucia Dos ... Compartimos,la noticia, la pareja que se preparaba a abortar el fin de semana cambi\u00f3 ... Pedimos\u2026","rel":"","context":"Entrada similar","img":{"alt_text":"","src":"","width":0,"height":0},"classes":[]},{"id":2389,"url":"http:\/\/catolicasmexico.com\/blog\/pies-preciosos-2\/","url_meta":{"origin":4517,"position":4},"title":"Pies Preciosos","date":"15 enero 2014","format":false,"excerpt":"El s\u00edmbolo internacional pro-vida. La medida y la forma exacta de los pies de un no nato de 10 semanas. En ningun momento de nuestra vida se producen tantos cambios y se crece tanto como en los primeros nueve meses antes del nacimiento. He aqu\u00ed las admirables etapas del comienzo\u2026","rel":"","context":"Con 6 comentarios","img":{"alt_text":"","src":"","width":0,"height":0},"classes":[]},{"id":643,"url":"http:\/\/catolicasmexico.com\/blog\/testimonios\/","url_meta":{"origin":4517,"position":5},"title":"Testimonios","date":"1 junio 2013","format":false,"excerpt":"Carta de una inmigrante. Soy mexicana y vivo en Canad\u00e1, Quiero compartir con todos Ustedes, la historia de una muchacha de origen ruso, que se encuentra embarazada de su novio de origen mexicano, la llamaremos Natalia, para conservar su anonimato. Natalia le dijo de su embarazo a su patrona, su\u2026","rel":"","context":"Entrada similar","img":{"alt_text":"","src":"","width":0,"height":0},"classes":[]}],"jetpack_likes_enabled":false,"jetpack_sharing_enabled":true,"_links":{"self":[{"href":"http:\/\/catolicasmexico.com\/blog\/wp-json\/wp\/v2\/pages\/4517"}],"collection":[{"href":"http:\/\/catolicasmexico.com\/blog\/wp-json\/wp\/v2\/pages"}],"about":[{"href":"http:\/\/catolicasmexico.com\/blog\/wp-json\/wp\/v2\/types\/page"}],"author":[{"embeddable":true,"href":"http:\/\/catolicasmexico.com\/blog\/wp-json\/wp\/v2\/users\/1"}],"replies":[{"embeddable":true,"href":"http:\/\/catolicasmexico.com\/blog\/wp-json\/wp\/v2\/comments?post=4517"}],"version-history":[{"count":2,"href":"http:\/\/catolicasmexico.com\/blog\/wp-json\/wp\/v2\/pages\/4517\/revisions"}],"predecessor-version":[{"id":5032,"href":"http:\/\/catolicasmexico.com\/blog\/wp-json\/wp\/v2\/pages\/4517\/revisions\/5032"}],"up":[{"embeddable":true,"href":"http:\/\/catolicasmexico.com\/blog\/wp-json\/wp\/v2\/pages\/4498"}],"wp:featuredmedia":[{"embeddable":true,"href":"http:\/\/catolicasmexico.com\/blog\/wp-json\/wp\/v2\/media\/4508"}],"wp:attachment":[{"href":"http:\/\/catolicasmexico.com\/blog\/wp-json\/wp\/v2\/media?parent=4517"}],"curies":[{"name":"wp","href":"https:\/\/api.w.org\/{rel}","templated":true}]}}